{"id":10002,"date":"2023-06-21T21:20:59","date_gmt":"2025-04-07T15:12:09","guid":{"rendered":"https:\/\/positiveautism.org\/product\/escenario-de-empatia-el-bullying-y-tu-hojas-de-trabajo-para-ensenar-a-los-ninos-habilidades-sociales-y-emocionales\/"},"modified":"2025-04-07T11:12:09","modified_gmt":"2025-04-07T15:12:09","slug":"escenario-de-empatia-el-bullying-y-tu-hojas-de-trabajo-para-ensenar-a-los-ninos-habilidades-sociales-y-emocionales","status":"publish","type":"product","link":"https:\/\/positiveautism.org\/es\/producto\/escenario-de-empatia-el-bullying-y-tu-hojas-de-trabajo-para-ensenar-a-los-ninos-habilidades-sociales-y-emocionales\/","title":{"rendered":"Escenario de empat\u00eda: el bullying y t\u00fa. (Hojas de trabajo para ense\u00f1ar a los ni\u00f1os habilidades sociales y emocionales)"},"content":{"rendered":"","protected":false},"excerpt":{"rendered":"<p>En este recurso educativo, encontrar\u00e1 informaci\u00f3n completa y actividades dise\u00f1adas para ense\u00f1ar habilidades sociales a ni\u00f1os con autismo, centr\u00e1ndose en el tema del acoso escolar. El material proporciona una explicaci\u00f3n clara de lo que es el acoso, las formas que puede adoptar y por qu\u00e9 es perjudicial. Adem\u00e1s, ofrece una actividad estructurada de construcci\u00f3n de empat\u00eda que utiliza tarjetas de escenario para provocar discusiones reflexivas y fomentar la comprensi\u00f3n. El objetivo es equipar a los ni\u00f1os con el conocimiento y las estrategias necesarias para hacer frente al acoso, defender a los dem\u00e1s y promover la empat\u00eda y el respeto dentro de sus entornos sociales. Este recurso tiene como objetivo fomentar una comprensi\u00f3n compasiva de los efectos del acoso e inspirar un comportamiento proactivo para prevenir tales ocurrencias.    <\/p>\n","protected":false},"featured_media":10003,"comment_status":"open","ping_status":"closed","template":"","meta":{"_acf_changed":false,"_monsterinsights_skip_tracking":false,"_monsterinsights_sitenote_active":false,"_monsterinsights_sitenote_note":"","_monsterinsights_sitenote_category":0},"product_brand":[],"product_cat":[787],"product_tag":[1009,1010],"class_list":{"0":"post-10002","1":"product","2":"type-product","3":"status-publish","4":"has-post-thumbnail","6":"product_cat-habilidades-sociales-y-emocionales","7":"product_tag-ensenar-a-los-ninos-autistas-a-manejar-el-acoso-escolar","8":"product_tag-ensenar-a-los-ninos-con-autismo-a-manejar-el-acoso","10":"first","11":"instock","12":"downloadable","13":"shipping-taxable","14":"purchasable","15":"product-type-simple"},"acf":[],"aioseo_notices":[],"jetpack_sharing_enabled":true,"_links":{"self":[{"href":"https:\/\/positiveautism.org\/es\/wp-json\/wp\/v2\/product\/10002","targetHints":{"allow":["GET"]}}],"collection":[{"href":"https:\/\/positiveautism.org\/es\/wp-json\/wp\/v2\/product"}],"about":[{"href":"https:\/\/positiveautism.org\/es\/wp-json\/wp\/v2\/types\/product"}],"replies":[{"embeddable":true,"href":"https:\/\/positiveautism.org\/es\/wp-json\/wp\/v2\/comments?post=10002"}],"wp:featuredmedia":[{"embeddable":true,"href":"https:\/\/positiveautism.org\/es\/wp-json\/wp\/v2\/media\/10003"}],"wp:attachment":[{"href":"https:\/\/positiveautism.org\/es\/wp-json\/wp\/v2\/media?parent=10002"}],"wp:term":[{"taxonomy":"product_brand","embeddable":true,"href":"https:\/\/positiveautism.org\/es\/wp-json\/wp\/v2\/product_brand?post=10002"},{"taxonomy":"product_cat","embeddable":true,"href":"https:\/\/positiveautism.org\/es\/wp-json\/wp\/v2\/product_cat?post=10002"},{"taxonomy":"product_tag","embeddable":true,"href":"https:\/\/positiveautism.org\/es\/wp-json\/wp\/v2\/product_tag?post=10002"}],"curies":[{"name":"wp","href":"https:\/\/api.w.org\/{rel}","templated":true}]}}