{"id":10000,"date":"2023-06-21T12:30:17","date_gmt":"2025-04-07T15:12:09","guid":{"rendered":"https:\/\/positiveautism.org\/product\/toma-de-decisiones-en-grupo-hojas-de-trabajo-para-ensenar-a-los-ninos-habilidades-sociales-y-emocionales\/"},"modified":"2025-04-07T11:12:09","modified_gmt":"2025-04-07T15:12:09","slug":"toma-de-decisiones-en-grupo-hojas-de-trabajo-para-ensenar-a-los-ninos-habilidades-sociales-y-emocionales","status":"publish","type":"product","link":"https:\/\/positiveautism.org\/es\/producto\/toma-de-decisiones-en-grupo-hojas-de-trabajo-para-ensenar-a-los-ninos-habilidades-sociales-y-emocionales\/","title":{"rendered":"Toma de decisiones en grupo. (Hojas de trabajo para ense\u00f1ar a los ni\u00f1os habilidades sociales y emocionales)"},"content":{"rendered":"","protected":false},"excerpt":{"rendered":"<p>Este material de trabajo est\u00e1 dise\u00f1ado para ayudar a los ni\u00f1os autistas a desarrollar habilidades de conversaci\u00f3n y habilidades de toma de decisiones en grupo. A trav\u00e9s de una serie de ejercicios y situaciones simuladas, el ni\u00f1o se familiarizar\u00e1 con el proceso de compartir ideas, escuchar a los dem\u00e1s, discutir opciones, votar, ser flexible y tomar turnos. Este conjunto de habilidades es crucial para una interacci\u00f3n social efectiva. Los ejercicios se centran en situaciones cotidianas, como elegir una actividad l\u00fadica en la escuela o planificar una salida familiar. Tambi\u00e9n se presentan escenarios de juego de roles para permitir que el ni\u00f1o practique estas habilidades en un entorno seguro y comprenda mejor las emociones que pueden surgir durante la toma de decisiones en grupo. Este material es un recurso valioso para apoyar el desarrollo social y emocional de los ni\u00f1os autistas.     <\/p>\n","protected":false},"featured_media":10001,"comment_status":"open","ping_status":"closed","template":"","meta":{"_acf_changed":false,"_monsterinsights_skip_tracking":false,"_monsterinsights_sitenote_active":false,"_monsterinsights_sitenote_note":"","_monsterinsights_sitenote_category":0},"product_brand":[],"product_cat":[787],"product_tag":[788,847],"class_list":{"0":"post-10000","1":"product","2":"type-product","3":"status-publish","4":"has-post-thumbnail","6":"product_cat-habilidades-sociales-y-emocionales","7":"product_tag-actividades-para-tecnificar-habilidades-sociales-a-ninos-autistas","8":"product_tag-actividades-para-ensenar-habilidades-sociales-a-ninos-con-autismo","10":"first","11":"instock","12":"downloadable","13":"shipping-taxable","14":"purchasable","15":"product-type-simple"},"acf":[],"aioseo_notices":[],"jetpack_sharing_enabled":true,"_links":{"self":[{"href":"https:\/\/positiveautism.org\/es\/wp-json\/wp\/v2\/product\/10000","targetHints":{"allow":["GET"]}}],"collection":[{"href":"https:\/\/positiveautism.org\/es\/wp-json\/wp\/v2\/product"}],"about":[{"href":"https:\/\/positiveautism.org\/es\/wp-json\/wp\/v2\/types\/product"}],"replies":[{"embeddable":true,"href":"https:\/\/positiveautism.org\/es\/wp-json\/wp\/v2\/comments?post=10000"}],"wp:featuredmedia":[{"embeddable":true,"href":"https:\/\/positiveautism.org\/es\/wp-json\/wp\/v2\/media\/10001"}],"wp:attachment":[{"href":"https:\/\/positiveautism.org\/es\/wp-json\/wp\/v2\/media?parent=10000"}],"wp:term":[{"taxonomy":"product_brand","embeddable":true,"href":"https:\/\/positiveautism.org\/es\/wp-json\/wp\/v2\/product_brand?post=10000"},{"taxonomy":"product_cat","embeddable":true,"href":"https:\/\/positiveautism.org\/es\/wp-json\/wp\/v2\/product_cat?post=10000"},{"taxonomy":"product_tag","embeddable":true,"href":"https:\/\/positiveautism.org\/es\/wp-json\/wp\/v2\/product_tag?post=10000"}],"curies":[{"name":"wp","href":"https:\/\/api.w.org\/{rel}","templated":true}]}}