{"id":8869,"date":"2025-03-30T21:27:10","date_gmt":"2025-03-31T01:27:10","guid":{"rendered":"https:\/\/positiveautism.org\/noticias\/"},"modified":"2025-04-14T06:53:47","modified_gmt":"2025-04-14T10:53:47","slug":"noticias","status":"publish","type":"page","link":"https:\/\/positiveautism.org\/es\/noticias\/","title":{"rendered":"Noticias"},"content":{"rendered":"\t\t<div data-elementor-type=\"wp-page\" data-elementor-id=\"8869\" class=\"elementor elementor-8869 elementor-5836\" data-elementor-post-type=\"page\">\n\t\t\t\t\t\t<section class=\"elementor-section elementor-top-section elementor-element elementor-element-89935e3 elementor-section-boxed elementor-section-height-default elementor-section-height-default\" data-id=\"89935e3\" data-element_type=\"section\" data-e-type=\"section\" data-settings=\"{&quot;background_background&quot;:&quot;gradient&quot;}\">\n\t\t\t\t\t\t\t<div class=\"elementor-background-overlay\"><\/div>\n\t\t\t\t\t\t\t<div class=\"elementor-container elementor-column-gap-default\">\n\t\t\t\t\t<div class=\"elementor-column elementor-col-100 elementor-top-column elementor-element elementor-element-bca07c4\" data-id=\"bca07c4\" data-element_type=\"column\" data-e-type=\"column\">\n\t\t\t<div class=\"elementor-widget-wrap elementor-element-populated\">\n\t\t\t\t\t\t\t<\/div>\n\t\t<\/div>\n\t\t\t\t\t<\/div>\n\t\t<\/section>\n\t\t<div class=\"elementor-element elementor-element-6deb50b e-flex e-con-boxed e-con e-parent\" data-id=\"6deb50b\" data-element_type=\"container\" data-e-type=\"container\">\n\t\t\t\t\t<div class=\"e-con-inner\">\n\t\t\t\t<div class=\"elementor-element elementor-element-4d00717 elementor-widget elementor-widget-eael-post-list\" data-id=\"4d00717\" data-element_type=\"widget\" data-e-type=\"widget\" data-widget_type=\"eael-post-list.default\">\n\t\t\t\t<div class=\"elementor-widget-container\">\n\t\t\t\t\t<div class=\"eael-post-list-container advanced layout-advanced\"><div class=\"eael-post-list-header\"><div class=\"post-categories\" data-nonce=\"07cb3d0630\" data-page-id=\"8869\" data-widget-id=\"4d00717\" data-widget=\"4d00717\" data-class=\"Essential_Addons_Elementor\\Pro\\Elements\\Post_List\" data-args=\"orderby=date&amp;order=desc&amp;ignore_sticky_posts=1&amp;post_status=publish&amp;posts_per_page=12&amp;offset=0&amp;post_type=post&amp;tax_query%5B0%5D%5Btaxonomy%5D=category&amp;tax_query%5B0%5D%5Bfield%5D=term_id&amp;tax_query%5B0%5D%5Bterms%5D%5B0%5D=24&amp;tax_query%5B0%5D%5Bterms%5D%5B1%5D=17&amp;tax_query%5B0%5D%5Bterms%5D%5B2%5D=7&amp;tax_query%5Brelation%5D=AND\" data-settings=\"eael_post_list_post_feature_image=yes&amp;eael_post_list_post_meta=yes&amp;eael_post_list_post_title=yes&amp;eael_post_list_post_excerpt=no&amp;eael_post_list_pagination=yes&amp;eael_post_list_layout_type=advanced&amp;eael_post_list_post_cat=&amp;eael_post_list_author_meta=&amp;eael_post_list_title_tag=h2&amp;eael_post_featured_image_size=large&amp;eael_post_list_show_last_modified=no\" data-page=\"1\" data-scroll-on-pagination=\"0\" data-scroll-offset=\"100\" data-template=\"{&quot;dir&quot;:&quot;pro&quot;,&quot;file_name&quot;:&quot;advanced.php&quot;,&quot;name&quot;:&quot;Post-List&quot;}\">\n                            <a href=\"javascript:;\" data-taxonomy=\"all\" data-id=\"\" class=\"active post-list-filter-item post-list-cat-4d00717\">Todos<\/a><a href=\"javascript:;\" data-taxonomy=\"category\" data-id=\"24\" class=\"other news post-list-filter-item post-list-cat-4d00717\">Other news<\/a><a href=\"javascript:;\" data-taxonomy=\"category\" data-id=\"17\" class=\"positive news post-list-filter-item post-list-cat-4d00717\">Positive News<\/a><a href=\"javascript:;\" data-taxonomy=\"category\" data-id=\"7\" class=\"research post-list-filter-item post-list-cat-4d00717\">Research<\/a><\/div><div class=\"post-list-ajax-search-form\">\n                            <form action=\"\" id=\"post-list-search-form-4d00717\" autocomplete=\"off\">\n                                <input type=\"hidden\" name=\"post_type\" value=\"post\">\n                                <input type=\"text\" value=\"\" placeholder=\"Search\" name=\"search_key\" id=\"search_field\">\n                                <i class=\"fa fa-search\"><\/i>\n                            <\/form>\n                            <div class=\"result-posts-wrapper\"><\/div>\n                        <\/div><\/div><div class=\"eael-post-list-wrap\"><div class=\"eael-post-list-posts-wrap eael-post-appender eael-post-appender-4d00717\"><div class=\"eael-post-list-post \"><div class=\"eael-post-list-post-inner\"><div class=\"eael-post-list-thumbnail \"><a href=\"https:\/\/positiveautism.org\/es\/leucovorin-acido-folinico-y-autismo-que-es-a-quien-puede-ayudar-y-que-dice-la-evidencia\/\">\n                <img decoding=\"async\" src=\"https:\/\/positiveautism.org\/wp-content\/uploads\/2025\/10\/Clip-1.jpg\" alt=\"\">\n            <\/a><\/div><div class=\"eael-post-list-content\"><h2 class=\"eael-post-list-title\"><a href=\"https:\/\/positiveautism.org\/es\/leucovorin-acido-folinico-y-autismo-que-es-a-quien-puede-ayudar-y-que-dice-la-evidencia\/\" >Leucovorin (\u00c1cido fol\u00ednico) y autismo: qu\u00e9 es, a qui\u00e9n puede ayudar y qu\u00e9 dice la evidencia<\/a><\/h2><div class=\"meta\"><span class=\"eael-post-published-date\"><i class=\"far fa-calendar-alt\"><\/i> octubre 2, 2025<\/span><\/div><div class=\"boxed-meta\"><\/div><\/div><\/div><\/div><div class=\"eael-post-list-post \"><div class=\"eael-post-list-post-inner\"><div class=\"eael-post-list-thumbnail \"><a href=\"https:\/\/positiveautism.org\/es\/multilinguismo-un-aliado-inesperado-para-ninos-autistas\/\">\n                <img decoding=\"async\" src=\"https:\/\/positiveautism.org\/wp-content\/uploads\/2025\/09\/Clip_97.jpg\" alt=\"\">\n            <\/a><\/div><div class=\"eael-post-list-content\"><h2 class=\"eael-post-list-title\"><a href=\"https:\/\/positiveautism.org\/es\/multilinguismo-un-aliado-inesperado-para-ninos-autistas\/\" >Multiling\u00fcismo: un aliado inesperado para ni\u00f1os autistas<\/a><\/h2><div class=\"meta\"><span class=\"eael-post-published-date\"><i class=\"far fa-calendar-alt\"><\/i> septiembre 15, 2025<\/span><\/div><div class=\"boxed-meta\"><\/div><\/div><\/div><\/div><div class=\"eael-post-list-post \"><div class=\"eael-post-list-post-inner\"><div class=\"eael-post-list-thumbnail \"><a href=\"https:\/\/positiveautism.org\/es\/vinculando-la-contaminacion-del-aire-con-el-autismo-evidencia-emergente-e-implicaciones\/\">\n                <img decoding=\"async\" src=\"https:\/\/positiveautism.org\/wp-content\/uploads\/2025\/05\/Clip_96.jpg\" alt=\"\">\n            <\/a><\/div><div class=\"eael-post-list-content\"><h2 class=\"eael-post-list-title\"><a href=\"https:\/\/positiveautism.org\/es\/vinculando-la-contaminacion-del-aire-con-el-autismo-evidencia-emergente-e-implicaciones\/\" >Vinculando la contaminaci\u00f3n del aire con el autismo: evidencia emergente e implicaciones<\/a><\/h2><div class=\"meta\"><span class=\"eael-post-published-date\"><i class=\"far fa-calendar-alt\"><\/i> agosto 12, 2025<\/span><\/div><div class=\"boxed-meta\"><\/div><\/div><\/div><\/div><div class=\"eael-post-list-post eael-empty-thumbnail\"><div class=\"eael-post-list-post-inner\"><div class=\"eael-post-list-thumbnail eael-empty-thumbnail\"><\/div><div class=\"eael-post-list-content\"><h2 class=\"eael-post-list-title\"><a href=\"https:\/\/positiveautism.org\/es\/\" >(NT) El \u00abcamuflaje\u00bb puede dejar cicatrices a largo plazo para las personas en el espectro autista<\/a><\/h2><div class=\"meta\"><span class=\"eael-post-published-date\"><i class=\"far fa-calendar-alt\"><\/i> abril 7, 2025<\/span><\/div><div class=\"boxed-meta\"><\/div><\/div><\/div><\/div><div class=\"eael-post-list-post \"><div class=\"eael-post-list-post-inner\"><div class=\"eael-post-list-thumbnail \"><a href=\"https:\/\/positiveautism.org\/es\/autismo-y-neuroinmunologia-el-papel-de-la-inflamacion-en-el-desarrollo-del-cerebro\/\">\n                <img decoding=\"async\" src=\"https:\/\/positiveautism.org\/wp-content\/uploads\/2025\/03\/Clip_68.jpg\" alt=\"\">\n            <\/a><\/div><div class=\"eael-post-list-content\"><h2 class=\"eael-post-list-title\"><a href=\"https:\/\/positiveautism.org\/es\/autismo-y-neuroinmunologia-el-papel-de-la-inflamacion-en-el-desarrollo-del-cerebro\/\" >Autismo y neuroinmunolog\u00eda: el papel de la inflamaci\u00f3n en el desarrollo del cerebro<\/a><\/h2><div class=\"meta\"><span class=\"eael-post-published-date\"><i class=\"far fa-calendar-alt\"><\/i> abril 1, 2025<\/span><\/div><div class=\"boxed-meta\"><\/div><\/div><\/div><\/div><div class=\"eael-post-list-post \"><div class=\"eael-post-list-post-inner\"><div class=\"eael-post-list-thumbnail \"><a href=\"https:\/\/positiveautism.org\/es\/joshua-beckford-el-prodigio-britanico-que-asombra-al-mundo\/\">\n                <img decoding=\"async\" src=\"https:\/\/positiveautism.org\/wp-content\/uploads\/2025\/03\/Clip_73.jpg\" alt=\"\">\n            <\/a><\/div><div class=\"eael-post-list-content\"><h2 class=\"eael-post-list-title\"><a href=\"https:\/\/positiveautism.org\/es\/joshua-beckford-el-prodigio-britanico-que-asombra-al-mundo\/\" >Joshua Beckford: el prodigio brit\u00e1nico que asombra al mundo<\/a><\/h2><div class=\"meta\"><span class=\"eael-post-published-date\"><i class=\"far fa-calendar-alt\"><\/i> abril 1, 2025<\/span><\/div><div class=\"boxed-meta\"><\/div><\/div><\/div><\/div><div class=\"eael-post-list-post \"><div class=\"eael-post-list-post-inner\"><div class=\"eael-post-list-thumbnail \"><a href=\"https:\/\/positiveautism.org\/es\/la-investigacion-revela-cuatro-categorias-unicas-de-autismo-basadas-en-la-funcion-cerebral-y-la-conducta\/\">\n                <img decoding=\"async\" src=\"https:\/\/positiveautism.org\/wp-content\/uploads\/2023\/04\/brain-ct-scan-x-ray-film-2022-12-16-00-22-23-utc-1024x684.jpg\" alt=\"\">\n            <\/a><\/div><div class=\"eael-post-list-content\"><h2 class=\"eael-post-list-title\"><a href=\"https:\/\/positiveautism.org\/es\/la-investigacion-revela-cuatro-categorias-unicas-de-autismo-basadas-en-la-funcion-cerebral-y-la-conducta\/\" >La investigaci\u00f3n revela cuatro categor\u00edas \u00fanicas de autismo basadas en la funci\u00f3n cerebral y la conducta<\/a><\/h2><div class=\"meta\"><span class=\"eael-post-published-date\"><i class=\"far fa-calendar-alt\"><\/i> marzo 30, 2025<\/span><\/div><div class=\"boxed-meta\"><\/div><\/div><\/div><\/div><div class=\"eael-post-list-post \"><div class=\"eael-post-list-post-inner\"><div class=\"eael-post-list-thumbnail \"><a href=\"https:\/\/positiveautism.org\/es\/tocar-el-tambor-puede-mejorar-las-habilidades-sociales-y-la-concentracion-en-adolescentes-con-autismo\/\">\n                <img decoding=\"async\" src=\"https:\/\/positiveautism.org\/wp-content\/uploads\/2023\/04\/Drumming-may-enhance-social-skills-img.jpg\" alt=\"\">\n            <\/a><\/div><div class=\"eael-post-list-content\"><h2 class=\"eael-post-list-title\"><a href=\"https:\/\/positiveautism.org\/es\/tocar-el-tambor-puede-mejorar-las-habilidades-sociales-y-la-concentracion-en-adolescentes-con-autismo\/\" >Tocar el tambor puede mejorar las habilidades sociales y la concentraci\u00f3n en adolescentes con autismo<\/a><\/h2><div class=\"meta\"><span class=\"eael-post-published-date\"><i class=\"far fa-calendar-alt\"><\/i> marzo 30, 2025<\/span><\/div><div class=\"boxed-meta\"><\/div><\/div><\/div><\/div><div class=\"eael-post-list-post \"><div class=\"eael-post-list-post-inner\"><div class=\"eael-post-list-thumbnail \"><a href=\"https:\/\/positiveautism.org\/es\/descubrimiento-innovador-en-la-adquisicion-del-lenguaje-en-individuos-autistas-estudio-de-la-universidad-de-montreal\/\">\n                <img decoding=\"async\" src=\"https:\/\/positiveautism.org\/wp-content\/uploads\/2024\/01\/DALL\u00b7E-2024-02-16-16.26.38-A-team-of-scientists-are-in-a-modern-laboratory-analyzing-a-human-brain-with-advanced-equipment.-The-brain-is-highlighted-to-show-different-areas-act.webp\" alt=\"\">\n            <\/a><\/div><div class=\"eael-post-list-content\"><h2 class=\"eael-post-list-title\"><a href=\"https:\/\/positiveautism.org\/es\/descubrimiento-innovador-en-la-adquisicion-del-lenguaje-en-individuos-autistas-estudio-de-la-universidad-de-montreal\/\" >Descubrimiento innovador en la adquisici\u00f3n del lenguaje en individuos autistas &#8211; Estudio de la Universidad de Montreal<\/a><\/h2><div class=\"meta\"><span class=\"eael-post-published-date\"><i class=\"far fa-calendar-alt\"><\/i> marzo 30, 2025<\/span><\/div><div class=\"boxed-meta\"><\/div><\/div><\/div><\/div><div class=\"eael-post-list-post \"><div class=\"eael-post-list-post-inner\"><div class=\"eael-post-list-thumbnail \"><a href=\"https:\/\/positiveautism.org\/es\/un-nuevo-estudio-relaciona-las-bebidas-dieteticas-y-el-aspartamo-durante-el-embarazo-con-el-autismo-en-la-descendencia-masculina\/\">\n                <img decoding=\"async\" src=\"https:\/\/positiveautism.org\/wp-content\/uploads\/2024\/01\/Clip_2.jpg\" alt=\"\">\n            <\/a><\/div><div class=\"eael-post-list-content\"><h2 class=\"eael-post-list-title\"><a href=\"https:\/\/positiveautism.org\/es\/un-nuevo-estudio-relaciona-las-bebidas-dieteticas-y-el-aspartamo-durante-el-embarazo-con-el-autismo-en-la-descendencia-masculina\/\" >Un nuevo estudio relaciona las bebidas diet\u00e9ticas y el aspartamo durante el embarazo con el autismo en la descendencia masculina<\/a><\/h2><div class=\"meta\"><span class=\"eael-post-published-date\"><i class=\"far fa-calendar-alt\"><\/i> marzo 30, 2025<\/span><\/div><div class=\"boxed-meta\"><\/div><\/div><\/div><\/div><div class=\"eael-post-list-post \"><div class=\"eael-post-list-post-inner\"><div class=\"eael-post-list-thumbnail \"><a href=\"https:\/\/positiveautism.org\/es\/revolucion-en-el-diagnostico-del-autismo-un-nuevo-sistema-de-ia-logra-una-precision-del-985\/\">\n                <img decoding=\"async\" src=\"https:\/\/positiveautism.org\/wp-content\/uploads\/2024\/02\/DALL\u00b7E-2024-02-16-15.47.15-A-rectangular-image-depicting-a-scientist-analyzing-a-brain-scan-on-a-computer-screen-in-a-modern-research-laboratory.-The-scientist-wearing-a-lab-co.webp\" alt=\"\">\n            <\/a><\/div><div class=\"eael-post-list-content\"><h2 class=\"eael-post-list-title\"><a href=\"https:\/\/positiveautism.org\/es\/revolucion-en-el-diagnostico-del-autismo-un-nuevo-sistema-de-ia-logra-una-precision-del-985\/\" >Revoluci\u00f3n en el diagn\u00f3stico del autismo: Un nuevo sistema de IA logra una precisi\u00f3n del 98,5<\/a><\/h2><div class=\"meta\"><span class=\"eael-post-published-date\"><i class=\"far fa-calendar-alt\"><\/i> marzo 30, 2025<\/span><\/div><div class=\"boxed-meta\"><\/div><\/div><\/div><\/div><div class=\"eael-post-list-post \"><div class=\"eael-post-list-post-inner\"><div class=\"eael-post-list-thumbnail \"><a href=\"https:\/\/positiveautism.org\/es\/un-nino-autista-de-11-anos-de-victoria-crea-un-innovador-robot-compasivo\/\">\n                <img decoding=\"async\" src=\"https:\/\/positiveautism.org\/wp-content\/uploads\/2024\/03\/Clip_51-3-6.jpg\" alt=\"\">\n            <\/a><\/div><div class=\"eael-post-list-content\"><h2 class=\"eael-post-list-title\"><a href=\"https:\/\/positiveautism.org\/es\/un-nino-autista-de-11-anos-de-victoria-crea-un-innovador-robot-compasivo\/\" >Un ni\u00f1o autista de 11 a\u00f1os en Victoria crea un robot innovador y compasivo<\/a><\/h2><div class=\"meta\"><span class=\"eael-post-published-date\"><i class=\"far fa-calendar-alt\"><\/i> marzo 30, 2025<\/span><\/div><div class=\"boxed-meta\"><\/div><\/div><\/div><\/div><\/div><\/div>\n\t\t<\/div><div data-nonce=\"07cb3d0630\" class=\"post-list-pagination\" data-widget-id=\"4d00717\" data-widget=\"4d00717\" data-page-id=\"8869\" data-class=\"Essential_Addons_Elementor\\Pro\\Elements\\Post_List\" data-args=\"orderby=date&amp;order=desc&amp;ignore_sticky_posts=1&amp;post_status=publish&amp;posts_per_page=12&amp;offset=0&amp;post_type=post&amp;tax_query%5B0%5D%5Btaxonomy%5D=category&amp;tax_query%5B0%5D%5Bfield%5D=term_id&amp;tax_query%5B0%5D%5Bterms%5D%5B0%5D=24&amp;tax_query%5B0%5D%5Bterms%5D%5B1%5D=17&amp;tax_query%5B0%5D%5Bterms%5D%5B2%5D=7&amp;tax_query%5Brelation%5D=AND\" data-settings=\"eael_post_list_post_feature_image=yes&amp;eael_post_list_post_meta=yes&amp;eael_post_list_post_title=yes&amp;eael_post_list_post_excerpt=no&amp;eael_post_list_pagination=yes&amp;eael_post_list_layout_type=advanced&amp;eael_post_list_post_cat=&amp;eael_post_list_author_meta=&amp;eael_post_list_title_tag=h2&amp;eael_post_featured_image_size=large&amp;eael_post_list_show_last_modified=no\" data-page=\"1\" data-scroll-on-pagination=\"0\" data-scroll-offset=\"100\" data-template=\"{&quot;dir&quot;:&quot;pro&quot;,&quot;file_name&quot;:&quot;advanced.php&quot;,&quot;name&quot;:&quot;Post-List&quot;}\">\n                <button class=\"btn btn-prev-post\" id=\"post-nav-prev-4d00717\" disabled=\"true\" aria-label=\"previous\"><i aria-hidden=\"true\" class=\"fas fa-angle-left\"><\/i><\/button><button class=\"btn btn-next-post\" id=\"post-nav-next-4d00717\" aria-label=\"next\"><i aria-hidden=\"true\" class=\"fas fa-angle-right\"><\/i><\/button>\n\t\t\t<\/div>\t\t\t\t<\/div>\n\t\t\t\t<\/div>\n\t\t\t\t\t<\/div>\n\t\t\t\t<\/div>\n\t\t\t\t<\/div>\n\t\t","protected":false},"excerpt":{"rendered":"<p>TodosOther newsPositive NewsResearch Joshua Beckford: The British Prodigy Who Astonishes the World March 13, 2025 Autism and Neuroimmunology: The Role of Inflammation in Brain Development March 10, 2025 Chinese Scientists Develop Promising Autism Treatment Through Genetic Editing April 5, 2024 An 11-year-old autistic boy in Victoria creates an innovative compassionate robot February 29, 2024 Revolution [&hellip;]<\/p>\n","protected":false},"author":30,"featured_media":0,"parent":0,"menu_order":10,"comment_status":"closed","ping_status":"closed","template":"elementor_header_footer","meta":{"_acf_changed":false,"_monsterinsights_skip_tracking":false,"_monsterinsights_sitenote_active":false,"_monsterinsights_sitenote_note":"","_monsterinsights_sitenote_category":0,"footnotes":""},"class_list":["post-8869","page","type-page","status-publish","hentry"],"acf":[],"aioseo_notices":[],"_hostinger_reach_plugin_has_subscription_block":false,"_hostinger_reach_plugin_is_elementor":false,"jetpack_sharing_enabled":true,"_links":{"self":[{"href":"https:\/\/positiveautism.org\/es\/wp-json\/wp\/v2\/pages\/8869","targetHints":{"allow":["GET"]}}],"collection":[{"href":"https:\/\/positiveautism.org\/es\/wp-json\/wp\/v2\/pages"}],"about":[{"href":"https:\/\/positiveautism.org\/es\/wp-json\/wp\/v2\/types\/page"}],"author":[{"embeddable":true,"href":"https:\/\/positiveautism.org\/es\/wp-json\/wp\/v2\/users\/30"}],"replies":[{"embeddable":true,"href":"https:\/\/positiveautism.org\/es\/wp-json\/wp\/v2\/comments?post=8869"}],"version-history":[{"count":10,"href":"https:\/\/positiveautism.org\/es\/wp-json\/wp\/v2\/pages\/8869\/revisions"}],"predecessor-version":[{"id":10230,"href":"https:\/\/positiveautism.org\/es\/wp-json\/wp\/v2\/pages\/8869\/revisions\/10230"}],"wp:attachment":[{"href":"https:\/\/positiveautism.org\/es\/wp-json\/wp\/v2\/media?parent=8869"}],"curies":[{"name":"wp","href":"https:\/\/api.w.org\/{rel}","templated":true}]}}