{"id":8621,"date":"2025-03-30T21:25:37","date_gmt":"2025-03-31T01:25:37","guid":{"rendered":"https:\/\/positiveautism.org\/informacion-sobre-autismo\/"},"modified":"2025-04-14T06:53:58","modified_gmt":"2025-04-14T10:53:58","slug":"informacion-sobre-autismo","status":"publish","type":"page","link":"https:\/\/positiveautism.org\/es\/informacion-sobre-autismo\/","title":{"rendered":"Informaci\u00f3n sobre autismo"},"content":{"rendered":"\t\t<div data-elementor-type=\"wp-page\" data-elementor-id=\"8621\" class=\"elementor elementor-8621 elementor-5848\" data-elementor-post-type=\"page\">\n\t\t\t\t\t\t<section class=\"elementor-section elementor-top-section elementor-element elementor-element-89935e3 elementor-section-boxed elementor-section-height-default elementor-section-height-default\" data-id=\"89935e3\" data-element_type=\"section\" data-e-type=\"section\" data-settings=\"{&quot;background_background&quot;:&quot;gradient&quot;}\">\n\t\t\t\t\t\t\t<div class=\"elementor-background-overlay\"><\/div>\n\t\t\t\t\t\t\t<div class=\"elementor-container elementor-column-gap-default\">\n\t\t\t\t\t<div class=\"elementor-column elementor-col-100 elementor-top-column elementor-element elementor-element-bca07c4\" data-id=\"bca07c4\" data-element_type=\"column\" data-e-type=\"column\">\n\t\t\t<div class=\"elementor-widget-wrap elementor-element-populated\">\n\t\t\t\t\t\t\t<\/div>\n\t\t<\/div>\n\t\t\t\t\t<\/div>\n\t\t<\/section>\n\t\t<div class=\"elementor-element elementor-element-6deb50b e-flex e-con-boxed e-con e-parent\" data-id=\"6deb50b\" data-element_type=\"container\" data-e-type=\"container\">\n\t\t\t\t\t<div class=\"e-con-inner\">\n\t\t\t\t<div class=\"elementor-element elementor-element-4d00717 elementor-widget elementor-widget-eael-post-list\" data-id=\"4d00717\" data-element_type=\"widget\" data-e-type=\"widget\" data-widget_type=\"eael-post-list.default\">\n\t\t\t\t<div class=\"elementor-widget-container\">\n\t\t\t\t\t<div class=\"eael-post-list-container advanced layout-advanced\"><div class=\"eael-post-list-header\"><div class=\"post-categories\" data-nonce=\"c465265bc4\" data-page-id=\"8621\" data-widget-id=\"4d00717\" data-widget=\"4d00717\" data-class=\"Essential_Addons_Elementor\\Pro\\Elements\\Post_List\" data-args=\"orderby=date&amp;order=desc&amp;ignore_sticky_posts=1&amp;post_status=publish&amp;posts_per_page=12&amp;offset=0&amp;post_type=post&amp;tax_query%5B0%5D%5Btaxonomy%5D=category&amp;tax_query%5B0%5D%5Bfield%5D=term_id&amp;tax_query%5B0%5D%5Bterms%5D%5B0%5D=272&amp;tax_query%5B0%5D%5Bterms%5D%5B1%5D=18&amp;tax_query%5B0%5D%5Bterms%5D%5B2%5D=23&amp;tax_query%5Brelation%5D=AND\" data-settings=\"eael_post_list_post_feature_image=yes&amp;eael_post_list_post_meta=yes&amp;eael_post_list_post_title=yes&amp;eael_post_list_post_excerpt=&amp;eael_post_list_pagination=yes&amp;eael_post_list_layout_type=advanced&amp;eael_post_list_post_cat=&amp;eael_post_list_author_meta=&amp;eael_post_list_title_tag=h2&amp;eael_post_featured_image_size=large&amp;eael_post_list_show_last_modified=no\" data-page=\"1\" data-scroll-on-pagination=\"1\" data-scroll-offset=\"100\" data-template=\"{&quot;dir&quot;:&quot;pro&quot;,&quot;file_name&quot;:&quot;advanced.php&quot;,&quot;name&quot;:&quot;Post-List&quot;}\">\n                            <a href=\"javascript:;\" data-taxonomy=\"all\" data-id=\"\" class=\"active post-list-filter-item post-list-cat-4d00717\">Todos<\/a><a href=\"javascript:;\" data-taxonomy=\"category\" data-id=\"272\" class=\"general autism info post-list-filter-item post-list-cat-4d00717\">General Autism Info<\/a><a href=\"javascript:;\" data-taxonomy=\"category\" data-id=\"18\" class=\"for autistic people post-list-filter-item post-list-cat-4d00717\">for Autistic People<\/a><a href=\"javascript:;\" data-taxonomy=\"category\" data-id=\"23\" class=\"for parents post-list-filter-item post-list-cat-4d00717\">for Parents<\/a><\/div><div class=\"post-list-ajax-search-form\">\n                            <form action=\"\" id=\"post-list-search-form-4d00717\" autocomplete=\"off\">\n                                <input type=\"hidden\" name=\"post_type\" value=\"post\">\n                                <input type=\"text\" value=\"\" placeholder=\"Search\" name=\"search_key\" id=\"search_field\">\n                                <i class=\"fa fa-search\"><\/i>\n                            <\/form>\n                            <div class=\"result-posts-wrapper\"><\/div>\n                        <\/div><\/div><div class=\"eael-post-list-wrap\"><div class=\"eael-post-list-posts-wrap eael-post-appender eael-post-appender-4d00717\"><div class=\"eael-post-list-post \"><div class=\"eael-post-list-post-inner\"><div class=\"eael-post-list-thumbnail \"><a href=\"https:\/\/positiveautism.org\/es\/por-que-muchas-personas-autistas-evitan-mirar-a-los-ojos\/\">\n                <img decoding=\"async\" src=\"https:\/\/positiveautism.org\/wp-content\/uploads\/2025\/11\/Clip.jpg\" alt=\"\">\n            <\/a><\/div><div class=\"eael-post-list-content\"><h2 class=\"eael-post-list-title\"><a href=\"https:\/\/positiveautism.org\/es\/por-que-muchas-personas-autistas-evitan-mirar-a-los-ojos\/\" >Por que muchas personas Autistas evitan mirar a los ojos?<\/a><\/h2><div class=\"meta\"><span class=\"eael-post-published-date\"><i class=\"far fa-calendar-alt\"><\/i> noviembre 4, 2025<\/span><\/div><div class=\"boxed-meta\"><\/div><\/div><\/div><\/div><div class=\"eael-post-list-post \"><div class=\"eael-post-list-post-inner\"><div class=\"eael-post-list-thumbnail \"><a href=\"https:\/\/positiveautism.org\/es\/sindrome-de-savant-y-autismo-talentos-extraordinarios-en-individuos-neurodiversos\/\">\n                <img decoding=\"async\" src=\"https:\/\/positiveautism.org\/wp-content\/uploads\/2025\/05\/Clip_95.jpg\" alt=\"\">\n            <\/a><\/div><div class=\"eael-post-list-content\"><h2 class=\"eael-post-list-title\"><a href=\"https:\/\/positiveautism.org\/es\/sindrome-de-savant-y-autismo-talentos-extraordinarios-en-individuos-neurodiversos\/\" >S\u00edndrome de Savant y autismo: talentos extraordinarios en individuos neurodiversos<\/a><\/h2><div class=\"meta\"><span class=\"eael-post-published-date\"><i class=\"far fa-calendar-alt\"><\/i> agosto 12, 2025<\/span><\/div><div class=\"boxed-meta\"><\/div><\/div><\/div><\/div><div class=\"eael-post-list-post \"><div class=\"eael-post-list-post-inner\"><div class=\"eael-post-list-thumbnail \"><a href=\"https:\/\/positiveautism.org\/es\/disciplina-positiva-para-ninos-y-jovenes-autistas\/\">\n                <img decoding=\"async\" src=\"https:\/\/positiveautism.org\/wp-content\/uploads\/2025\/04\/Clip_91.jpg\" alt=\"\">\n            <\/a><\/div><div class=\"eael-post-list-content\"><h2 class=\"eael-post-list-title\"><a href=\"https:\/\/positiveautism.org\/es\/disciplina-positiva-para-ninos-y-jovenes-autistas\/\" >Disciplina positiva para ni\u00f1os y j\u00f3venes autistas<\/a><\/h2><div class=\"meta\"><span class=\"eael-post-published-date\"><i class=\"far fa-calendar-alt\"><\/i> agosto 12, 2025<\/span><\/div><div class=\"boxed-meta\"><\/div><\/div><\/div><\/div><div class=\"eael-post-list-post \"><div class=\"eael-post-list-post-inner\"><div class=\"eael-post-list-thumbnail \"><a href=\"https:\/\/positiveautism.org\/es\/la-importancia-del-sueno-en-las-personas-autistas-desafios-causas-y-recomendaciones-practicas\/\">\n                <img decoding=\"async\" src=\"https:\/\/positiveautism.org\/wp-content\/uploads\/2025\/04\/Clip_88.jpg\" alt=\"\">\n            <\/a><\/div><div class=\"eael-post-list-content\"><h2 class=\"eael-post-list-title\"><a href=\"https:\/\/positiveautism.org\/es\/la-importancia-del-sueno-en-las-personas-autistas-desafios-causas-y-recomendaciones-practicas\/\" >La importancia del sue\u00f1o en las personas autistas: desaf\u00edos, causas y recomendaciones pr\u00e1cticas<\/a><\/h2><div class=\"meta\"><span class=\"eael-post-published-date\"><i class=\"far fa-calendar-alt\"><\/i> abril 21, 2025<\/span><\/div><div class=\"boxed-meta\"><\/div><\/div><\/div><\/div><div class=\"eael-post-list-post \"><div class=\"eael-post-list-post-inner\"><div class=\"eael-post-list-thumbnail \"><a href=\"https:\/\/positiveautism.org\/es\/comprender-las-reacciones-de-los-ninos-autistas-a-las-correcciones-y-reprimendas\/\">\n                <img decoding=\"async\" src=\"https:\/\/positiveautism.org\/wp-content\/uploads\/2024\/11\/Clip_8.jpg\" alt=\"\">\n            <\/a><\/div><div class=\"eael-post-list-content\"><h2 class=\"eael-post-list-title\"><a href=\"https:\/\/positiveautism.org\/es\/comprender-las-reacciones-de-los-ninos-autistas-a-las-correcciones-y-reprimendas\/\" >Comprender las reacciones de los ni\u00f1os autistas a las correcciones y reprimendas<\/a><\/h2><div class=\"meta\"><span class=\"eael-post-published-date\"><i class=\"far fa-calendar-alt\"><\/i> marzo 31, 2025<\/span><\/div><div class=\"boxed-meta\"><\/div><\/div><\/div><\/div><div class=\"eael-post-list-post \"><div class=\"eael-post-list-post-inner\"><div class=\"eael-post-list-thumbnail \"><a href=\"https:\/\/positiveautism.org\/es\/vitaminas-esenciales-para-las-personas-con-autismo-una-guia-nutricional\/\">\n                <img decoding=\"async\" src=\"https:\/\/positiveautism.org\/wp-content\/uploads\/2024\/03\/DALL\u00b7E-2024-03-07-17.49.06-A-rectangular-image-that-visually-represents-an-article-about-essential-vitamins-for-people-with-autism.-The-image-should-include-a-variety-of-foods-r.webp\" alt=\"\">\n            <\/a><\/div><div class=\"eael-post-list-content\"><h2 class=\"eael-post-list-title\"><a href=\"https:\/\/positiveautism.org\/es\/vitaminas-esenciales-para-las-personas-con-autismo-una-guia-nutricional\/\" >Vitaminas esenciales para las personas con autismo: una gu\u00eda nutricional<\/a><\/h2><div class=\"meta\"><span class=\"eael-post-published-date\"><i class=\"far fa-calendar-alt\"><\/i> marzo 31, 2025<\/span><\/div><div class=\"boxed-meta\"><\/div><\/div><\/div><\/div><div class=\"eael-post-list-post \"><div class=\"eael-post-list-post-inner\"><div class=\"eael-post-list-thumbnail \"><a href=\"https:\/\/positiveautism.org\/es\/por-que-el-autismo-es-mas-dificil-de-diagnosticar-en-ninas-y-mujeres\/\">\n                <img decoding=\"async\" src=\"https:\/\/positiveautism.org\/wp-content\/uploads\/2025\/03\/Clip_69.jpg\" alt=\"\">\n            <\/a><\/div><div class=\"eael-post-list-content\"><h2 class=\"eael-post-list-title\"><a href=\"https:\/\/positiveautism.org\/es\/por-que-el-autismo-es-mas-dificil-de-diagnosticar-en-ninas-y-mujeres\/\" >\u00bfPor qu\u00e9 el autismo es m\u00e1s dif\u00edcil de diagnosticar en ni\u00f1as y mujeres?<\/a><\/h2><div class=\"meta\"><span class=\"eael-post-published-date\"><i class=\"far fa-calendar-alt\"><\/i> marzo 31, 2025<\/span><\/div><div class=\"boxed-meta\"><\/div><\/div><\/div><\/div><div class=\"eael-post-list-post \"><div class=\"eael-post-list-post-inner\"><div class=\"eael-post-list-thumbnail \"><a href=\"https:\/\/positiveautism.org\/es\/problemas-sensoriales-en-autistas\/\">\n                <img decoding=\"async\" src=\"https:\/\/positiveautism.org\/wp-content\/uploads\/2023\/04\/child-boy-is-sitting-at-home-covering-his-ears-ge-2022-10-31-21-22-13-utc-1024x684.jpg\" alt=\"\">\n            <\/a><\/div><div class=\"eael-post-list-content\"><h2 class=\"eael-post-list-title\"><a href=\"https:\/\/positiveautism.org\/es\/problemas-sensoriales-en-autistas\/\" >Problemas sensoriales en autistas<\/a><\/h2><div class=\"meta\"><span class=\"eael-post-published-date\"><i class=\"far fa-calendar-alt\"><\/i> marzo 30, 2025<\/span><\/div><div class=\"boxed-meta\"><\/div><\/div><\/div><\/div><div class=\"eael-post-list-post \"><div class=\"eael-post-list-post-inner\"><div class=\"eael-post-list-thumbnail \"><a href=\"https:\/\/positiveautism.org\/es\/cambio-y-flexibilidad-en-las-personas-autistas\/\">\n                <img decoding=\"async\" src=\"https:\/\/positiveautism.org\/wp-content\/uploads\/2023\/04\/she-doesnt-like-her-carseat-a-crying-baby-sitting-2022-12-29-23-43-19-utc-1-1024x683.jpg\" alt=\"\">\n            <\/a><\/div><div class=\"eael-post-list-content\"><h2 class=\"eael-post-list-title\"><a href=\"https:\/\/positiveautism.org\/es\/cambio-y-flexibilidad-en-las-personas-autistas\/\" >Cambio y flexibilidad en las personas autistas<\/a><\/h2><div class=\"meta\"><span class=\"eael-post-published-date\"><i class=\"far fa-calendar-alt\"><\/i> marzo 30, 2025<\/span><\/div><div class=\"boxed-meta\"><\/div><\/div><\/div><\/div><div class=\"eael-post-list-post \"><div class=\"eael-post-list-post-inner\"><div class=\"eael-post-list-thumbnail \"><a href=\"https:\/\/positiveautism.org\/es\/comportamientos-repetitivos-o-restringidos-en-autistas\/\">\n                <img decoding=\"async\" src=\"https:\/\/positiveautism.org\/wp-content\/uploads\/2023\/04\/playful-little-mulatto-boy-with-hands-up-looking-w-2022-07-20-13-37-23-utc-1024x682.jpg\" alt=\"\">\n            <\/a><\/div><div class=\"eael-post-list-content\"><h2 class=\"eael-post-list-title\"><a href=\"https:\/\/positiveautism.org\/es\/comportamientos-repetitivos-o-restringidos-en-autistas\/\" >Comportamientos repetitivos o restringidos en autistas<\/a><\/h2><div class=\"meta\"><span class=\"eael-post-published-date\"><i class=\"far fa-calendar-alt\"><\/i> marzo 30, 2025<\/span><\/div><div class=\"boxed-meta\"><\/div><\/div><\/div><\/div><div class=\"eael-post-list-post \"><div class=\"eael-post-list-post-inner\"><div class=\"eael-post-list-thumbnail \"><a href=\"https:\/\/positiveautism.org\/es\/la-importancia-de-sensibilizar-sobre-el-autismo-para-padres\/\">\n                <img decoding=\"async\" src=\"https:\/\/positiveautism.org\/wp-content\/uploads\/2023\/04\/april-is-autism-awareness-month-words-flat-lay-2022-11-15-16-45-07-utc.jpg\" alt=\"\">\n            <\/a><\/div><div class=\"eael-post-list-content\"><h2 class=\"eael-post-list-title\"><a href=\"https:\/\/positiveautism.org\/es\/la-importancia-de-sensibilizar-sobre-el-autismo-para-padres\/\" >La importancia de sensibilizar sobre el autismo (para padres)<\/a><\/h2><div class=\"meta\"><span class=\"eael-post-published-date\"><i class=\"far fa-calendar-alt\"><\/i> marzo 30, 2025<\/span><\/div><div class=\"boxed-meta\"><\/div><\/div><\/div><\/div><div class=\"eael-post-list-post \"><div class=\"eael-post-list-post-inner\"><div class=\"eael-post-list-thumbnail \"><a href=\"https:\/\/positiveautism.org\/es\/habilidades-de-conversacion\/\">\n                <img decoding=\"async\" src=\"https:\/\/positiveautism.org\/wp-content\/uploads\/2023\/04\/happy-schoolgirls-talking-after-the-class-in-the-c-2022-12-06-01-16-45-utc-1-1024x683.jpg\" alt=\"\">\n            <\/a><\/div><div class=\"eael-post-list-content\"><h2 class=\"eael-post-list-title\"><a href=\"https:\/\/positiveautism.org\/es\/habilidades-de-conversacion\/\" >Habilidades de conversaci\u00f3n<\/a><\/h2><div class=\"meta\"><span class=\"eael-post-published-date\"><i class=\"far fa-calendar-alt\"><\/i> marzo 30, 2025<\/span><\/div><div class=\"boxed-meta\"><\/div><\/div><\/div><\/div><\/div><\/div>\n\t\t<\/div><div data-nonce=\"c465265bc4\" class=\"post-list-pagination\" data-widget-id=\"4d00717\" data-widget=\"4d00717\" data-page-id=\"8621\" data-class=\"Essential_Addons_Elementor\\Pro\\Elements\\Post_List\" data-args=\"orderby=date&amp;order=desc&amp;ignore_sticky_posts=1&amp;post_status=publish&amp;posts_per_page=12&amp;offset=0&amp;post_type=post&amp;tax_query%5B0%5D%5Btaxonomy%5D=category&amp;tax_query%5B0%5D%5Bfield%5D=term_id&amp;tax_query%5B0%5D%5Bterms%5D%5B0%5D=272&amp;tax_query%5B0%5D%5Bterms%5D%5B1%5D=18&amp;tax_query%5B0%5D%5Bterms%5D%5B2%5D=23&amp;tax_query%5Brelation%5D=AND\" data-settings=\"eael_post_list_post_feature_image=yes&amp;eael_post_list_post_meta=yes&amp;eael_post_list_post_title=yes&amp;eael_post_list_post_excerpt=&amp;eael_post_list_pagination=yes&amp;eael_post_list_layout_type=advanced&amp;eael_post_list_post_cat=&amp;eael_post_list_author_meta=&amp;eael_post_list_title_tag=h2&amp;eael_post_featured_image_size=large&amp;eael_post_list_show_last_modified=no\" data-page=\"1\" data-scroll-on-pagination=\"1\" data-scroll-offset=\"100\" data-template=\"{&quot;dir&quot;:&quot;pro&quot;,&quot;file_name&quot;:&quot;advanced.php&quot;,&quot;name&quot;:&quot;Post-List&quot;}\">\n                <button class=\"btn btn-prev-post\" id=\"post-nav-prev-4d00717\" disabled=\"true\" aria-label=\"previous\"><i aria-hidden=\"true\" class=\"fas fa-angle-left\"><\/i><\/button><button class=\"btn btn-next-post\" id=\"post-nav-next-4d00717\" aria-label=\"next\"><i aria-hidden=\"true\" class=\"fas fa-angle-right\"><\/i><\/button>\n\t\t\t<\/div>\t\t\t\t<\/div>\n\t\t\t\t<\/div>\n\t\t\t\t\t<\/div>\n\t\t\t\t<\/div>\n\t\t\t\t<\/div>\n\t\t","protected":false},"excerpt":{"rendered":"<p>TodosGeneral Autism Infofor Autistic Peoplefor Parents The Importance of Sleep in Autistic Individuals: Challenges, Causes, and Practical Recommendations April 7, 2025 Why is Autism More Difficult to Diagnose in Girls and Women? March 10, 2025 How to Manage Christmas and the Year-End Holidays with Autistic Children and Youth: Preventing Stress and Encouraging Enjoyment December 17, [&hellip;]<\/p>\n","protected":false},"author":30,"featured_media":0,"parent":0,"menu_order":10,"comment_status":"closed","ping_status":"closed","template":"elementor_header_footer","meta":{"_acf_changed":false,"_monsterinsights_skip_tracking":false,"_monsterinsights_sitenote_active":false,"_monsterinsights_sitenote_note":"","_monsterinsights_sitenote_category":0,"footnotes":""},"class_list":["post-8621","page","type-page","status-publish","hentry"],"acf":[],"aioseo_notices":[],"_hostinger_reach_plugin_has_subscription_block":false,"_hostinger_reach_plugin_is_elementor":false,"jetpack_sharing_enabled":true,"_links":{"self":[{"href":"https:\/\/positiveautism.org\/es\/wp-json\/wp\/v2\/pages\/8621","targetHints":{"allow":["GET"]}}],"collection":[{"href":"https:\/\/positiveautism.org\/es\/wp-json\/wp\/v2\/pages"}],"about":[{"href":"https:\/\/positiveautism.org\/es\/wp-json\/wp\/v2\/types\/page"}],"author":[{"embeddable":true,"href":"https:\/\/positiveautism.org\/es\/wp-json\/wp\/v2\/users\/30"}],"replies":[{"embeddable":true,"href":"https:\/\/positiveautism.org\/es\/wp-json\/wp\/v2\/comments?post=8621"}],"version-history":[{"count":5,"href":"https:\/\/positiveautism.org\/es\/wp-json\/wp\/v2\/pages\/8621\/revisions"}],"predecessor-version":[{"id":10233,"href":"https:\/\/positiveautism.org\/es\/wp-json\/wp\/v2\/pages\/8621\/revisions\/10233"}],"wp:attachment":[{"href":"https:\/\/positiveautism.org\/es\/wp-json\/wp\/v2\/media?parent=8621"}],"curies":[{"name":"wp","href":"https:\/\/api.w.org\/{rel}","templated":true}]}}