{"id":8619,"date":"2025-03-30T21:25:36","date_gmt":"2025-03-31T01:25:36","guid":{"rendered":"https:\/\/positiveautism.org\/muestra-de-la-palanca\/"},"modified":"2025-03-30T21:25:37","modified_gmt":"2025-03-31T01:25:37","slug":"muestra-de-la-palanca","status":"publish","type":"page","link":"https:\/\/positiveautism.org\/es\/muestra-de-la-palanca\/","title":{"rendered":"Muestra de la palanca"},"content":{"rendered":"\t\t<div data-elementor-type=\"wp-page\" data-elementor-id=\"8619\" class=\"elementor elementor-8619 elementor-4001\" data-elementor-post-type=\"page\">\n\t\t\t\t\t\t<section class=\"elementor-section elementor-top-section elementor-element elementor-element-181d312a elementor-section-stretched post-style elementor-section-boxed elementor-section-height-default elementor-section-height-default\" data-id=\"181d312a\" data-element_type=\"section\" data-e-type=\"section\" data-settings=\"{&quot;stretch_section&quot;:&quot;section-stretched&quot;,&quot;background_background&quot;:&quot;classic&quot;}\">\n\t\t\t\t\t\t<div class=\"elementor-container elementor-column-gap-no\">\n\t\t\t\t\t<div class=\"elementor-column elementor-col-50 elementor-top-column elementor-element elementor-element-4176f6f3\" data-id=\"4176f6f3\" data-element_type=\"column\" data-e-type=\"column\" data-settings=\"{&quot;background_background&quot;:&quot;classic&quot;}\">\n\t\t\t<div class=\"elementor-widget-wrap elementor-element-populated\">\n\t\t\t\t\t\t<div class=\"elementor-element elementor-element-9846e36 elementor-widget elementor-widget-image\" data-id=\"9846e36\" data-element_type=\"widget\" data-e-type=\"widget\" data-widget_type=\"image.default\">\n\t\t\t\t<div class=\"elementor-widget-container\">\n\t\t\t\t\t\t\t\t\t\t\t\t\t\t\t<img fetchpriority=\"high\" decoding=\"async\" width=\"720\" height=\"650\" src=\"https:\/\/positiveautism.org\/wp-content\/uploads\/2023\/04\/paris-2.jpg\" class=\"attachment-large size-large wp-image-4037\" alt=\"\" srcset=\"https:\/\/positiveautism.org\/wp-content\/uploads\/2023\/04\/paris-2.jpg 720w, https:\/\/positiveautism.org\/wp-content\/uploads\/2023\/04\/paris-2-300x271.jpg 300w, https:\/\/positiveautism.org\/wp-content\/uploads\/2023\/04\/paris-2-600x542.jpg 600w\" sizes=\"(max-width: 720px) 100vw, 720px\" \/>\t\t\t\t\t\t\t\t\t\t\t\t\t\t\t<\/div>\n\t\t\t\t<\/div>\n\t\t\t\t<div class=\"elementor-element elementor-element-24c20379 elementor-hidden-tablet elementor-hidden-phone elementor-widget elementor-widget-html\" data-id=\"24c20379\" data-element_type=\"widget\" data-e-type=\"widget\" data-widget_type=\"html.default\">\n\t\t\t\t<div class=\"elementor-widget-container\">\n\t\t\t\t\t<script>document.addEventListener('DOMContentLoaded', function() {\r\njQuery(function($){\r\n$('.showme').click(function(){\r\n$(this).closest('.elementor-section').next().slideToggle();\r\n$(this).toggleClass('opened');\r\n});\r\n});\r\n});\r\n<\/script><style>.showme a , .showme i , .showme img, .showme{\r\ncursor: pointer;\r\n-webkit-transition: transform 0.34s ease;\r\ntransition : transform 0.34s ease;\r\n}\r\n.opened i , .opened img, .opened i {\r\ntransform: rotate(90deg);\r\n}\r\n\r\n<\/style>\t\t\t\t<\/div>\n\t\t\t\t<\/div>\n\t\t\t\t\t<\/div>\n\t\t<\/div>\n\t\t\t\t<div class=\"elementor-column elementor-col-50 elementor-top-column elementor-element elementor-element-42f7a591 post-col\" data-id=\"42f7a591\" data-element_type=\"column\" data-e-type=\"column\" data-settings=\"{&quot;background_background&quot;:&quot;classic&quot;}\">\n\t\t\t<div class=\"elementor-widget-wrap elementor-element-populated\">\n\t\t\t\t\t\t<section class=\"elementor-section elementor-inner-section elementor-element elementor-element-27c9b201 elementor-section-boxed elementor-section-height-default elementor-section-height-default\" data-id=\"27c9b201\" data-element_type=\"section\" data-e-type=\"section\" data-settings=\"{&quot;background_background&quot;:&quot;classic&quot;}\">\n\t\t\t\t\t\t<div class=\"elementor-container elementor-column-gap-default\">\n\t\t\t\t\t<div class=\"elementor-column elementor-col-100 elementor-inner-column elementor-element elementor-element-2dc0a2e4\" data-id=\"2dc0a2e4\" data-element_type=\"column\" data-e-type=\"column\">\n\t\t\t<div class=\"elementor-widget-wrap elementor-element-populated\">\n\t\t\t\t\t\t<div class=\"elementor-element elementor-element-49be69fd elementor-widget elementor-widget-heading\" data-id=\"49be69fd\" data-element_type=\"widget\" data-e-type=\"widget\" data-widget_type=\"heading.default\">\n\t\t\t\t<div class=\"elementor-widget-container\">\n\t\t\t\t\t<h2 class=\"elementor-heading-title elementor-size-default\">Estancia de 2 noches y 3 d\u00edas en Par\u00eds, Francia\n\u00a1\u00a1\u00a1Oferta por tiempo limitado Hury Now!!!<\/h2>\t\t\t\t<\/div>\n\t\t\t\t<\/div>\n\t\t\t\t<div class=\"elementor-element elementor-element-19ce427b elementor-widget elementor-widget-text-editor\" data-id=\"19ce427b\" data-element_type=\"widget\" data-e-type=\"widget\" data-widget_type=\"text-editor.default\">\n\t\t\t\t<div class=\"elementor-widget-container\">\n\t\t\t\t\t\t\t\t\t<p>Lorem ipsum dolor sit amet, consectetur adipiscing elit. Ut elit tellus, luctus nec ullamcorper mattis, pulvinar dapibus leo. Lorem ipsum dolor sit amet, consectetur adipiscing elit. Ut elit tellus&nbsp;<span style=\"background-color: rgb(255, 255, 255); font-size: 16px;\">elit tellus, luctus nec ullamcorper mattis, pulvinar dapibus<\/span><span style=\"background-color: rgb(255, 255, 255); font-size: 16px;\">&nbsp;<\/span><\/p>\t\t\t\t\t\t\t\t<\/div>\n\t\t\t\t<\/div>\n\t\t\t\t<div class=\"elementor-element elementor-element-68cfaa5c elementor-align-left showme elementor-widget elementor-widget-button\" data-id=\"68cfaa5c\" data-element_type=\"widget\" data-e-type=\"widget\" data-widget_type=\"button.default\">\n\t\t\t\t<div class=\"elementor-widget-container\">\n\t\t\t\t\t\t\t\t\t<div class=\"elementor-button-wrapper\">\n\t\t\t\t\t<a class=\"elementor-button elementor-size-xl\" role=\"button\">\n\t\t\t\t\t\t<span class=\"elementor-button-content-wrapper\">\n\t\t\t\t\t\t<span class=\"elementor-button-icon\">\n\t\t\t\t<i aria-hidden=\"true\" class=\"fas fa-arrow-right\"><\/i>\t\t\t<\/span>\n\t\t\t\t\t\t\t\t\t<span class=\"elementor-button-text\">LEER M\u00c1S<\/span>\n\t\t\t\t\t<\/span>\n\t\t\t\t\t<\/a>\n\t\t\t\t<\/div>\n\t\t\t\t\t\t\t\t<\/div>\n\t\t\t\t<\/div>\n\t\t\t\t\t<\/div>\n\t\t<\/div>\n\t\t\t\t\t<\/div>\n\t\t<\/section>\n\t\t\t\t<section class=\"elementor-section elementor-inner-section elementor-element elementor-element-795c392b elementor-hidden-desktop elementor-hidden-tablet elementor-hidden-phone elementor-section-boxed elementor-section-height-default elementor-section-height-default\" data-id=\"795c392b\" data-element_type=\"section\" data-e-type=\"section\">\n\t\t\t\t\t\t<div class=\"elementor-container elementor-column-gap-default\">\n\t\t\t\t\t<div class=\"elementor-column elementor-col-100 elementor-inner-column elementor-element elementor-element-69c0dc14\" data-id=\"69c0dc14\" data-element_type=\"column\" data-e-type=\"column\">\n\t\t\t<div class=\"elementor-widget-wrap elementor-element-populated\">\n\t\t\t\t\t\t<div class=\"elementor-element elementor-element-160ad72a article-detail elementor-widget elementor-widget-text-editor\" data-id=\"160ad72a\" data-element_type=\"widget\" data-e-type=\"widget\" data-widget_type=\"text-editor.default\">\n\t\t\t\t<div class=\"elementor-widget-container\">\n\t\t\t\t\t\t\t\t\tLorem Ipsum es simplemente el texto ficticio de la industria de la impresi\u00f3n y la composici\u00f3n tipogr\u00e1fica. Lorem Ipsum ha sido el texto ficticio est\u00e1ndar de la industria desde el siglo XVI, cuando un impresor desconocido tom\u00f3 una galera de tipos y la revolvi\u00f3 para hacer un libro de muestras tipogr\u00e1ficas. Ha sobrevivido no s\u00f3lo a cinco siglos, sino tambi\u00e9n al salto a la composici\u00f3n tipogr\u00e1fica electr\u00f3nica, permaneciendo esencialmente inalterado. Se populariz\u00f3 en la d\u00e9cada de 1960 con la publicaci\u00f3n de las hojas Letraset que conten\u00edan pasajes de Lorem Ipsum, y m\u00e1s recientemente con programas de autoedici\u00f3n como Aldus PageMaker, que inclu\u00edan versiones de Lorem Ipsum\t\t\t\t\t\t\t\t<\/div>\n\t\t\t\t<\/div>\n\t\t\t\t\t<\/div>\n\t\t<\/div>\n\t\t\t\t\t<\/div>\n\t\t<\/section>\n\t\t\t\t\t<\/div>\n\t\t<\/div>\n\t\t\t\t\t<\/div>\n\t\t<\/section>\n\t\t\t\t<section class=\"elementor-section elementor-top-section elementor-element elementor-element-33bcc35f elementor-section-stretched post-style elementor-section-boxed elementor-section-height-default elementor-section-height-default\" data-id=\"33bcc35f\" data-element_type=\"section\" data-e-type=\"section\" data-settings=\"{&quot;stretch_section&quot;:&quot;section-stretched&quot;,&quot;background_background&quot;:&quot;classic&quot;}\">\n\t\t\t\t\t\t<div class=\"elementor-container elementor-column-gap-no\">\n\t\t\t\t\t<div class=\"elementor-column elementor-col-50 elementor-top-column elementor-element elementor-element-6b905675\" data-id=\"6b905675\" data-element_type=\"column\" data-e-type=\"column\" data-settings=\"{&quot;background_background&quot;:&quot;classic&quot;}\">\n\t\t\t<div class=\"elementor-widget-wrap elementor-element-populated\">\n\t\t\t\t\t\t<div class=\"elementor-element elementor-element-7b564922 elementor-widget elementor-widget-image\" data-id=\"7b564922\" data-element_type=\"widget\" data-e-type=\"widget\" data-widget_type=\"image.default\">\n\t\t\t\t<div class=\"elementor-widget-container\">\n\t\t\t\t\t\t\t\t\t\t\t\t\t\t\t<img decoding=\"async\" width=\"720\" height=\"650\" src=\"https:\/\/positiveautism.org\/wp-content\/uploads\/2023\/04\/rome-2.jpg\" class=\"attachment-large size-large wp-image-4039\" alt=\"\" srcset=\"https:\/\/positiveautism.org\/wp-content\/uploads\/2023\/04\/rome-2.jpg 720w, https:\/\/positiveautism.org\/wp-content\/uploads\/2023\/04\/rome-2-300x271.jpg 300w, https:\/\/positiveautism.org\/wp-content\/uploads\/2023\/04\/rome-2-600x542.jpg 600w\" sizes=\"(max-width: 720px) 100vw, 720px\" \/>\t\t\t\t\t\t\t\t\t\t\t\t\t\t\t<\/div>\n\t\t\t\t<\/div>\n\t\t\t\t\t<\/div>\n\t\t<\/div>\n\t\t\t\t<div class=\"elementor-column elementor-col-50 elementor-top-column elementor-element elementor-element-33ae6cc post-col\" data-id=\"33ae6cc\" data-element_type=\"column\" data-e-type=\"column\" data-settings=\"{&quot;background_background&quot;:&quot;classic&quot;}\">\n\t\t\t<div class=\"elementor-widget-wrap elementor-element-populated\">\n\t\t\t\t\t\t<section class=\"elementor-section elementor-inner-section elementor-element elementor-element-619db2af elementor-section-boxed elementor-section-height-default elementor-section-height-default\" data-id=\"619db2af\" data-element_type=\"section\" data-e-type=\"section\" data-settings=\"{&quot;background_background&quot;:&quot;classic&quot;}\">\n\t\t\t\t\t\t<div class=\"elementor-container elementor-column-gap-default\">\n\t\t\t\t\t<div class=\"elementor-column elementor-col-100 elementor-inner-column elementor-element elementor-element-29801d46\" data-id=\"29801d46\" data-element_type=\"column\" data-e-type=\"column\">\n\t\t\t<div class=\"elementor-widget-wrap elementor-element-populated\">\n\t\t\t\t\t\t<div class=\"elementor-element elementor-element-5fabfd60 elementor-widget elementor-widget-heading\" data-id=\"5fabfd60\" data-element_type=\"widget\" data-e-type=\"widget\" data-widget_type=\"heading.default\">\n\t\t\t\t<div class=\"elementor-widget-container\">\n\t\t\t\t\t<h2 class=\"elementor-heading-title elementor-size-default\">Estancia de 4 noches y 5 d\u00edas en Roma, Italia\n\u00a1\u00a1\u00a1Oferta por tiempo limitado Hury Now!!!<\/h2>\t\t\t\t<\/div>\n\t\t\t\t<\/div>\n\t\t\t\t<div class=\"elementor-element elementor-element-34109f56 elementor-widget elementor-widget-text-editor\" data-id=\"34109f56\" data-element_type=\"widget\" data-e-type=\"widget\" data-widget_type=\"text-editor.default\">\n\t\t\t\t<div class=\"elementor-widget-container\">\n\t\t\t\t\t\t\t\t\t<p>Lorem ipsum dolor sit amet, consectetur adipiscing elit. Ut elit tellus, luctus nec ullamcorper mattis, pulvinar dapibus leo. Lorem ipsum dolor sit amet,&nbsp;&nbsp;<span style=\"background-color: rgb(255, 255, 255); font-size: 16px;\">elit tellus, luctus nec ullamcorper mattis, pulvinar dapibus<\/span><span style=\"background-color: rgb(255, 255, 255); font-size: 16px;\">&nbsp;<\/span><span style=\"font-size: 16px;\">consectetur <\/span><span style=\"background-color: rgb(255, 255, 255); font-size: 16px;\">elit tellus, luctus nec ullamcorper mattis, pulvinar dapibus<\/span><\/p>\t\t\t\t\t\t\t\t<\/div>\n\t\t\t\t<\/div>\n\t\t\t\t<div class=\"elementor-element elementor-element-20acfaf0 elementor-align-left showme elementor-widget elementor-widget-button\" data-id=\"20acfaf0\" data-element_type=\"widget\" data-e-type=\"widget\" data-widget_type=\"button.default\">\n\t\t\t\t<div class=\"elementor-widget-container\">\n\t\t\t\t\t\t\t\t\t<div class=\"elementor-button-wrapper\">\n\t\t\t\t\t<a class=\"elementor-button elementor-size-xl\" role=\"button\">\n\t\t\t\t\t\t<span class=\"elementor-button-content-wrapper\">\n\t\t\t\t\t\t<span class=\"elementor-button-icon\">\n\t\t\t\t<i aria-hidden=\"true\" class=\"fas fa-arrow-right\"><\/i>\t\t\t<\/span>\n\t\t\t\t\t\t\t\t\t<span class=\"elementor-button-text\">LEER M\u00c1S<\/span>\n\t\t\t\t\t<\/span>\n\t\t\t\t\t<\/a>\n\t\t\t\t<\/div>\n\t\t\t\t\t\t\t\t<\/div>\n\t\t\t\t<\/div>\n\t\t\t\t\t<\/div>\n\t\t<\/div>\n\t\t\t\t\t<\/div>\n\t\t<\/section>\n\t\t\t\t<section class=\"elementor-section elementor-inner-section elementor-element elementor-element-3ffc276 elementor-hidden-desktop elementor-hidden-tablet elementor-hidden-phone elementor-section-boxed elementor-section-height-default elementor-section-height-default\" data-id=\"3ffc276\" data-element_type=\"section\" data-e-type=\"section\">\n\t\t\t\t\t\t<div class=\"elementor-container elementor-column-gap-default\">\n\t\t\t\t\t<div class=\"elementor-column elementor-col-100 elementor-inner-column elementor-element elementor-element-69cde0a7\" data-id=\"69cde0a7\" data-element_type=\"column\" data-e-type=\"column\">\n\t\t\t<div class=\"elementor-widget-wrap elementor-element-populated\">\n\t\t\t\t\t\t<div class=\"elementor-element elementor-element-3be66ed8 article-detail elementor-widget elementor-widget-text-editor\" data-id=\"3be66ed8\" data-element_type=\"widget\" data-e-type=\"widget\" data-widget_type=\"text-editor.default\">\n\t\t\t\t<div class=\"elementor-widget-container\">\n\t\t\t\t\t\t\t\t\tLorem Ipsum es simplemente el texto ficticio de la industria de la impresi\u00f3n y la composici\u00f3n tipogr\u00e1fica. Lorem Ipsum ha sido el texto ficticio est\u00e1ndar de la industria desde el siglo XVI, cuando un impresor desconocido tom\u00f3 una galera de tipos y la revolvi\u00f3 para hacer un libro de muestras tipogr\u00e1ficas. Ha sobrevivido no s\u00f3lo a cinco siglos, sino tambi\u00e9n al salto a la composici\u00f3n tipogr\u00e1fica electr\u00f3nica, permaneciendo esencialmente inalterado. Se populariz\u00f3 en la d\u00e9cada de 1960 con la publicaci\u00f3n de las hojas Letraset que conten\u00edan pasajes de Lorem Ipsum, y m\u00e1s recientemente con programas de autoedici\u00f3n como Aldus PageMaker, que inclu\u00edan versiones de Lorem Ipsum\t\t\t\t\t\t\t\t<\/div>\n\t\t\t\t<\/div>\n\t\t\t\t\t<\/div>\n\t\t<\/div>\n\t\t\t\t\t<\/div>\n\t\t<\/section>\n\t\t\t\t\t<\/div>\n\t\t<\/div>\n\t\t\t\t\t<\/div>\n\t\t<\/section>\n\t\t\t\t<section class=\"elementor-section elementor-top-section elementor-element elementor-element-268ce3a5 elementor-section-stretched post-style elementor-section-boxed elementor-section-height-default elementor-section-height-default\" data-id=\"268ce3a5\" data-element_type=\"section\" data-e-type=\"section\" data-settings=\"{&quot;stretch_section&quot;:&quot;section-stretched&quot;,&quot;background_background&quot;:&quot;classic&quot;}\">\n\t\t\t\t\t\t<div class=\"elementor-container elementor-column-gap-no\">\n\t\t\t\t\t<div class=\"elementor-column elementor-col-50 elementor-top-column elementor-element elementor-element-5c4ae5d2\" data-id=\"5c4ae5d2\" data-element_type=\"column\" data-e-type=\"column\" data-settings=\"{&quot;background_background&quot;:&quot;classic&quot;}\">\n\t\t\t<div class=\"elementor-widget-wrap elementor-element-populated\">\n\t\t\t\t\t\t<div class=\"elementor-element elementor-element-297f0623 elementor-widget elementor-widget-image\" data-id=\"297f0623\" data-element_type=\"widget\" data-e-type=\"widget\" data-widget_type=\"image.default\">\n\t\t\t\t<div class=\"elementor-widget-container\">\n\t\t\t\t\t\t\t\t\t\t\t\t\t\t\t<img decoding=\"async\" width=\"720\" height=\"650\" src=\"https:\/\/positiveautism.org\/wp-content\/uploads\/2023\/04\/venice-2.jpg\" class=\"attachment-large size-large wp-image-4041\" alt=\"\" srcset=\"https:\/\/positiveautism.org\/wp-content\/uploads\/2023\/04\/venice-2.jpg 720w, https:\/\/positiveautism.org\/wp-content\/uploads\/2023\/04\/venice-2-300x271.jpg 300w, https:\/\/positiveautism.org\/wp-content\/uploads\/2023\/04\/venice-2-600x542.jpg 600w\" sizes=\"(max-width: 720px) 100vw, 720px\" \/>\t\t\t\t\t\t\t\t\t\t\t\t\t\t\t<\/div>\n\t\t\t\t<\/div>\n\t\t\t\t\t<\/div>\n\t\t<\/div>\n\t\t\t\t<div class=\"elementor-column elementor-col-50 elementor-top-column elementor-element elementor-element-420b953a post-col\" data-id=\"420b953a\" data-element_type=\"column\" data-e-type=\"column\" data-settings=\"{&quot;background_background&quot;:&quot;classic&quot;}\">\n\t\t\t<div class=\"elementor-widget-wrap elementor-element-populated\">\n\t\t\t\t\t\t<section class=\"elementor-section elementor-inner-section elementor-element elementor-element-54b8ffb2 elementor-section-boxed elementor-section-height-default elementor-section-height-default\" data-id=\"54b8ffb2\" data-element_type=\"section\" data-e-type=\"section\" data-settings=\"{&quot;background_background&quot;:&quot;classic&quot;}\">\n\t\t\t\t\t\t<div class=\"elementor-container elementor-column-gap-default\">\n\t\t\t\t\t<div class=\"elementor-column elementor-col-100 elementor-inner-column elementor-element elementor-element-43580f7c\" data-id=\"43580f7c\" data-element_type=\"column\" data-e-type=\"column\">\n\t\t\t<div class=\"elementor-widget-wrap elementor-element-populated\">\n\t\t\t\t\t\t<div class=\"elementor-element elementor-element-42b8585b elementor-widget elementor-widget-heading\" data-id=\"42b8585b\" data-element_type=\"widget\" data-e-type=\"widget\" data-widget_type=\"heading.default\">\n\t\t\t\t<div class=\"elementor-widget-container\">\n\t\t\t\t\t<h2 class=\"elementor-heading-title elementor-size-default\">Estancia de 3 noches y 4 d\u00edas en Venecia, Italia\n\u00a1\u00a1\u00a1Oferta por tiempo limitado Hury Now!!!<\/h2>\t\t\t\t<\/div>\n\t\t\t\t<\/div>\n\t\t\t\t<div class=\"elementor-element elementor-element-ba4720a elementor-widget elementor-widget-text-editor\" data-id=\"ba4720a\" data-element_type=\"widget\" data-e-type=\"widget\" data-widget_type=\"text-editor.default\">\n\t\t\t\t<div class=\"elementor-widget-container\">\n\t\t\t\t\t\t\t\t\t<p>Lorem ipsum dolor sit amet, consectetur adipiscing elit. Ut elit tellus, luctus nec ullamcorper mattis, pulvinar dapibus leo. Lorem ipsum dolor sit amet, consectetur adipiscing elit. Ut elit tellus<\/p>\t\t\t\t\t\t\t\t<\/div>\n\t\t\t\t<\/div>\n\t\t\t\t<div class=\"elementor-element elementor-element-708e5f45 elementor-align-left showme elementor-widget elementor-widget-button\" data-id=\"708e5f45\" data-element_type=\"widget\" data-e-type=\"widget\" data-widget_type=\"button.default\">\n\t\t\t\t<div class=\"elementor-widget-container\">\n\t\t\t\t\t\t\t\t\t<div class=\"elementor-button-wrapper\">\n\t\t\t\t\t<a class=\"elementor-button elementor-size-xl\" role=\"button\">\n\t\t\t\t\t\t<span class=\"elementor-button-content-wrapper\">\n\t\t\t\t\t\t<span class=\"elementor-button-icon\">\n\t\t\t\t<i aria-hidden=\"true\" class=\"fas fa-arrow-right\"><\/i>\t\t\t<\/span>\n\t\t\t\t\t\t\t\t\t<span class=\"elementor-button-text\">LEER M\u00c1S<\/span>\n\t\t\t\t\t<\/span>\n\t\t\t\t\t<\/a>\n\t\t\t\t<\/div>\n\t\t\t\t\t\t\t\t<\/div>\n\t\t\t\t<\/div>\n\t\t\t\t\t<\/div>\n\t\t<\/div>\n\t\t\t\t\t<\/div>\n\t\t<\/section>\n\t\t\t\t<section class=\"elementor-section elementor-inner-section elementor-element elementor-element-87b0b62 elementor-hidden-desktop elementor-hidden-tablet elementor-hidden-phone elementor-section-boxed elementor-section-height-default elementor-section-height-default\" data-id=\"87b0b62\" data-element_type=\"section\" data-e-type=\"section\">\n\t\t\t\t\t\t<div class=\"elementor-container elementor-column-gap-default\">\n\t\t\t\t\t<div class=\"elementor-column elementor-col-100 elementor-inner-column elementor-element elementor-element-4ec888b4\" data-id=\"4ec888b4\" data-element_type=\"column\" data-e-type=\"column\">\n\t\t\t<div class=\"elementor-widget-wrap elementor-element-populated\">\n\t\t\t\t\t\t<div class=\"elementor-element elementor-element-38b4c926 article-detail elementor-widget elementor-widget-text-editor\" data-id=\"38b4c926\" data-element_type=\"widget\" data-e-type=\"widget\" data-widget_type=\"text-editor.default\">\n\t\t\t\t<div class=\"elementor-widget-container\">\n\t\t\t\t\t\t\t\t\tLorem Ipsum es simplemente el texto ficticio de la industria de la impresi\u00f3n y la composici\u00f3n tipogr\u00e1fica. Lorem Ipsum ha sido el texto ficticio est\u00e1ndar de la industria desde el siglo XVI, cuando un impresor desconocido tom\u00f3 una galera de tipos y la revolvi\u00f3 para hacer un libro de muestras tipogr\u00e1ficas. Ha sobrevivido no s\u00f3lo a cinco siglos, sino tambi\u00e9n al salto a la composici\u00f3n tipogr\u00e1fica electr\u00f3nica, permaneciendo esencialmente inalterado. Se populariz\u00f3 en la d\u00e9cada de 1960 con la publicaci\u00f3n de las hojas de Letraset que conten\u00edan pasajes de Lorem Ipsum, y m\u00e1s recientemente con programas de autoedici\u00f3n como Aldus PageMaker, que inclu\u00edan versiones de Lorem Ipsum\t\t\t\t\t\t\t\t<\/div>\n\t\t\t\t<\/div>\n\t\t\t\t\t<\/div>\n\t\t<\/div>\n\t\t\t\t\t<\/div>\n\t\t<\/section>\n\t\t\t\t\t<\/div>\n\t\t<\/div>\n\t\t\t\t\t<\/div>\n\t\t<\/section>\n\t\t\t\t<\/div>\n\t\t","protected":false},"excerpt":{"rendered":"<p>Estancia de 2 noches y 3 d\u00edas en Par\u00eds, Francia \u00a1\u00a1\u00a1Oferta por tiempo limitado Hury Now!!! Lorem ipsum dolor sit amet, consectetur adipiscing elit. Ut elit tellus, luctus nec ullamcorper mattis, pulvinar dapibus leo. Lorem ipsum dolor sit amet, consectetur adipiscing elit. Ut elit tellus&nbsp;elit tellus, luctus nec ullamcorper mattis, pulvinar dapibus&nbsp; LEER M\u00c1S Lorem [&hellip;]<\/p>\n","protected":false},"author":30,"featured_media":0,"parent":0,"menu_order":0,"comment_status":"closed","ping_status":"closed","template":"","meta":{"_acf_changed":false,"_monsterinsights_skip_tracking":false,"_monsterinsights_sitenote_active":false,"_monsterinsights_sitenote_note":"","_monsterinsights_sitenote_category":0,"footnotes":""},"class_list":["post-8619","page","type-page","status-publish","hentry"],"acf":[],"aioseo_notices":[],"_hostinger_reach_plugin_has_subscription_block":false,"_hostinger_reach_plugin_is_elementor":false,"jetpack_sharing_enabled":true,"_links":{"self":[{"href":"https:\/\/positiveautism.org\/es\/wp-json\/wp\/v2\/pages\/8619","targetHints":{"allow":["GET"]}}],"collection":[{"href":"https:\/\/positiveautism.org\/es\/wp-json\/wp\/v2\/pages"}],"about":[{"href":"https:\/\/positiveautism.org\/es\/wp-json\/wp\/v2\/types\/page"}],"author":[{"embeddable":true,"href":"https:\/\/positiveautism.org\/es\/wp-json\/wp\/v2\/users\/30"}],"replies":[{"embeddable":true,"href":"https:\/\/positiveautism.org\/es\/wp-json\/wp\/v2\/comments?post=8619"}],"version-history":[{"count":2,"href":"https:\/\/positiveautism.org\/es\/wp-json\/wp\/v2\/pages\/8619\/revisions"}],"predecessor-version":[{"id":8623,"href":"https:\/\/positiveautism.org\/es\/wp-json\/wp\/v2\/pages\/8619\/revisions\/8623"}],"wp:attachment":[{"href":"https:\/\/positiveautism.org\/es\/wp-json\/wp\/v2\/media?parent=8619"}],"curies":[{"name":"wp","href":"https:\/\/api.w.org\/{rel}","templated":true}]}}