{"id":8602,"date":"2025-03-30T21:25:33","date_gmt":"2025-03-31T01:25:33","guid":{"rendered":"https:\/\/positiveautism.org\/quienes-somos\/"},"modified":"2025-04-14T07:09:56","modified_gmt":"2025-04-14T11:09:56","slug":"quienes-somos","status":"publish","type":"page","link":"https:\/\/positiveautism.org\/es\/quienes-somos\/","title":{"rendered":"Qui\u00e9nes somos"},"content":{"rendered":"\t\t<div data-elementor-type=\"wp-page\" data-elementor-id=\"8602\" class=\"elementor elementor-8602 elementor-2698\" data-elementor-post-type=\"page\">\n\t\t\t\t\t\t<section class=\"elementor-section elementor-top-section elementor-element elementor-element-89935e3 elementor-section-boxed elementor-section-height-default elementor-section-height-default\" data-id=\"89935e3\" data-element_type=\"section\" data-e-type=\"section\" data-settings=\"{&quot;background_background&quot;:&quot;gradient&quot;}\">\n\t\t\t\t\t\t\t<div class=\"elementor-background-overlay\"><\/div>\n\t\t\t\t\t\t\t<div class=\"elementor-container elementor-column-gap-default\">\n\t\t\t\t\t<div class=\"elementor-column elementor-col-100 elementor-top-column elementor-element elementor-element-bca07c4\" data-id=\"bca07c4\" data-element_type=\"column\" data-e-type=\"column\">\n\t\t\t<div class=\"elementor-widget-wrap elementor-element-populated\">\n\t\t\t\t\t\t\t<\/div>\n\t\t<\/div>\n\t\t\t\t\t<\/div>\n\t\t<\/section>\n\t\t\t\t<section class=\"elementor-section elementor-top-section elementor-element elementor-element-b1ab30e elementor-section-boxed elementor-section-height-default elementor-section-height-default\" data-id=\"b1ab30e\" data-element_type=\"section\" data-e-type=\"section\">\n\t\t\t\t\t\t<div class=\"elementor-container elementor-column-gap-default\">\n\t\t\t\t\t<div class=\"elementor-column elementor-col-50 elementor-top-column elementor-element elementor-element-1c317cd\" data-id=\"1c317cd\" data-element_type=\"column\" data-e-type=\"column\">\n\t\t\t<div class=\"elementor-widget-wrap elementor-element-populated\">\n\t\t\t\t\t\t<section class=\"elementor-section elementor-inner-section elementor-element elementor-element-0dfaf62 elementor-section-full_width elementor-section-height-default elementor-section-height-default\" data-id=\"0dfaf62\" data-element_type=\"section\" data-e-type=\"section\">\n\t\t\t\t\t\t<div class=\"elementor-container elementor-column-gap-default\">\n\t\t\t\t\t<div class=\"elementor-column elementor-col-50 elementor-inner-column elementor-element elementor-element-5c2f7c4\" data-id=\"5c2f7c4\" data-element_type=\"column\" data-e-type=\"column\" data-settings=\"{&quot;background_background&quot;:&quot;classic&quot;}\">\n\t\t\t<div class=\"elementor-widget-wrap elementor-element-populated\">\n\t\t\t\t\t\t<div class=\"elementor-element elementor-element-41c97e9 elementor-widget elementor-widget-text-editor\" data-id=\"41c97e9\" data-element_type=\"widget\" data-e-type=\"widget\" data-widget_type=\"text-editor.default\">\n\t\t\t\t<div class=\"elementor-widget-container\">\n\t\t\t\t\t\t\t\t\tQui\u00e9nes somos\t\t\t\t\t\t\t\t<\/div>\n\t\t\t\t<\/div>\n\t\t\t\t\t<\/div>\n\t\t<\/div>\n\t\t\t\t<div class=\"elementor-column elementor-col-50 elementor-inner-column elementor-element elementor-element-c14f521\" data-id=\"c14f521\" data-element_type=\"column\" data-e-type=\"column\">\n\t\t\t<div class=\"elementor-widget-wrap\">\n\t\t\t\t\t\t\t<\/div>\n\t\t<\/div>\n\t\t\t\t\t<\/div>\n\t\t<\/section>\n\t\t\t\t<div class=\"elementor-element elementor-element-e89968e elementor-widget elementor-widget-text-editor\" data-id=\"e89968e\" data-element_type=\"widget\" data-e-type=\"widget\" data-widget_type=\"text-editor.default\">\n\t\t\t\t<div class=\"elementor-widget-container\">\n\t\t\t\t\t\t\t\t\t<p>Somos una Organizaci\u00f3n que cree firmemente que cada persona autista -sea cual sea su gravedad- tiene un alto potencial de desarrollo.<br \/><br \/><\/p><p>Nuestro objetivo es dar a los padres, cuidadores y educadores herramientas <b>positivas <\/b>para que puedan ayudar a los ni\u00f1os autistas a superar sus debilidades, encontrar y desarrollar sus capacidades espec\u00edficas que les permitir\u00e1n crecer y, posteriormente, ampliar su calidad de vida, productividad y sentido de s\u00ed mismos.<\/p>\t\t\t\t\t\t\t\t<\/div>\n\t\t\t\t<\/div>\n\t\t\t\t\t<\/div>\n\t\t<\/div>\n\t\t\t\t<div class=\"elementor-column elementor-col-50 elementor-top-column elementor-element elementor-element-eb6e20a\" data-id=\"eb6e20a\" data-element_type=\"column\" data-e-type=\"column\">\n\t\t\t<div class=\"elementor-widget-wrap elementor-element-populated\">\n\t\t\t\t\t\t<div class=\"elementor-element elementor-element-d528442 elementor-widget elementor-widget-image\" data-id=\"d528442\" data-element_type=\"widget\" data-e-type=\"widget\" data-widget_type=\"image.default\">\n\t\t\t\t<div class=\"elementor-widget-container\">\n\t\t\t\t\t\t\t\t\t\t\t\t\t\t\t<img fetchpriority=\"high\" decoding=\"async\" width=\"1024\" height=\"683\" src=\"https:\/\/positiveautism.org\/wp-content\/uploads\/2022\/06\/caleb-woods-ecRuhwPIW7c-unsplash-1024x683.jpg\" class=\"attachment-large size-large wp-image-2589\" alt=\"\" srcset=\"https:\/\/positiveautism.org\/wp-content\/uploads\/2022\/06\/caleb-woods-ecRuhwPIW7c-unsplash-1024x683.jpg 1024w, https:\/\/positiveautism.org\/wp-content\/uploads\/2022\/06\/caleb-woods-ecRuhwPIW7c-unsplash-600x400.jpg 600w, https:\/\/positiveautism.org\/wp-content\/uploads\/2022\/06\/caleb-woods-ecRuhwPIW7c-unsplash-300x200.jpg 300w, https:\/\/positiveautism.org\/wp-content\/uploads\/2022\/06\/caleb-woods-ecRuhwPIW7c-unsplash-768x512.jpg 768w, https:\/\/positiveautism.org\/wp-content\/uploads\/2022\/06\/caleb-woods-ecRuhwPIW7c-unsplash-1536x1024.jpg 1536w, https:\/\/positiveautism.org\/wp-content\/uploads\/2022\/06\/caleb-woods-ecRuhwPIW7c-unsplash-1320x880.jpg 1320w, https:\/\/positiveautism.org\/wp-content\/uploads\/2022\/06\/caleb-woods-ecRuhwPIW7c-unsplash.jpg 1620w\" sizes=\"(max-width: 1024px) 100vw, 1024px\" \/>\t\t\t\t\t\t\t\t\t\t\t\t\t\t\t<\/div>\n\t\t\t\t<\/div>\n\t\t\t\t\t<\/div>\n\t\t<\/div>\n\t\t\t\t\t<\/div>\n\t\t<\/section>\n\t\t\t\t<section class=\"elementor-section elementor-top-section elementor-element elementor-element-084ee45 elementor-section-full_width elementor-section-height-default elementor-section-height-default\" data-id=\"084ee45\" data-element_type=\"section\" data-e-type=\"section\">\n\t\t\t\t\t\t<div class=\"elementor-container elementor-column-gap-default\">\n\t\t\t\t\t<div class=\"elementor-column elementor-col-50 elementor-top-column elementor-element elementor-element-3161bd4\" data-id=\"3161bd4\" data-element_type=\"column\" data-e-type=\"column\">\n\t\t\t<div class=\"elementor-widget-wrap elementor-element-populated\">\n\t\t\t\t\t\t<div class=\"elementor-element elementor-element-fecd270 elementor-widget elementor-widget-image\" data-id=\"fecd270\" data-element_type=\"widget\" data-e-type=\"widget\" data-widget_type=\"image.default\">\n\t\t\t\t<div class=\"elementor-widget-container\">\n\t\t\t\t\t\t\t\t\t\t\t\t\t\t\t<img decoding=\"async\" width=\"1024\" height=\"683\" src=\"https:\/\/positiveautism.org\/wp-content\/uploads\/2021\/07\/happy-family-1024x683.jpg\" class=\"attachment-large size-large wp-image-1796\" alt=\"\" srcset=\"https:\/\/positiveautism.org\/wp-content\/uploads\/2021\/07\/happy-family-1024x683.jpg 1024w, https:\/\/positiveautism.org\/wp-content\/uploads\/2021\/07\/happy-family-600x400.jpg 600w, https:\/\/positiveautism.org\/wp-content\/uploads\/2021\/07\/happy-family-300x200.jpg 300w, https:\/\/positiveautism.org\/wp-content\/uploads\/2021\/07\/happy-family-768x512.jpg 768w, https:\/\/positiveautism.org\/wp-content\/uploads\/2021\/07\/happy-family-1536x1024.jpg 1536w, https:\/\/positiveautism.org\/wp-content\/uploads\/2021\/07\/happy-family-1320x880.jpg 1320w, https:\/\/positiveautism.org\/wp-content\/uploads\/2021\/07\/happy-family.jpg 1620w\" sizes=\"(max-width: 1024px) 100vw, 1024px\" \/>\t\t\t\t\t\t\t\t\t\t\t\t\t\t\t<\/div>\n\t\t\t\t<\/div>\n\t\t\t\t\t<\/div>\n\t\t<\/div>\n\t\t\t\t<div class=\"elementor-column elementor-col-50 elementor-top-column elementor-element elementor-element-26c3c30\" data-id=\"26c3c30\" data-element_type=\"column\" data-e-type=\"column\">\n\t\t\t<div class=\"elementor-widget-wrap elementor-element-populated\">\n\t\t\t\t\t\t<section class=\"elementor-section elementor-inner-section elementor-element elementor-element-ad539f4 elementor-section-boxed elementor-section-height-default elementor-section-height-default\" data-id=\"ad539f4\" data-element_type=\"section\" data-e-type=\"section\">\n\t\t\t\t\t\t<div class=\"elementor-container elementor-column-gap-default\">\n\t\t\t\t\t<div class=\"elementor-column elementor-col-50 elementor-inner-column elementor-element elementor-element-080c7c5\" data-id=\"080c7c5\" data-element_type=\"column\" data-e-type=\"column\" data-settings=\"{&quot;background_background&quot;:&quot;classic&quot;}\">\n\t\t\t<div class=\"elementor-widget-wrap elementor-element-populated\">\n\t\t\t\t\t\t<div class=\"elementor-element elementor-element-b9c12b1 elementor-widget elementor-widget-text-editor\" data-id=\"b9c12b1\" data-element_type=\"widget\" data-e-type=\"widget\" data-widget_type=\"text-editor.default\">\n\t\t\t\t<div class=\"elementor-widget-container\">\n\t\t\t\t\t\t\t\t\tDe nuestro Director\t\t\t\t\t\t\t\t<\/div>\n\t\t\t\t<\/div>\n\t\t\t\t\t<\/div>\n\t\t<\/div>\n\t\t\t\t<div class=\"elementor-column elementor-col-50 elementor-inner-column elementor-element elementor-element-9af7a6a\" data-id=\"9af7a6a\" data-element_type=\"column\" data-e-type=\"column\">\n\t\t\t<div class=\"elementor-widget-wrap\">\n\t\t\t\t\t\t\t<\/div>\n\t\t<\/div>\n\t\t\t\t\t<\/div>\n\t\t<\/section>\n\t\t\t\t<div class=\"elementor-element elementor-element-682f954 elementor-widget elementor-widget-text-editor\" data-id=\"682f954\" data-element_type=\"widget\" data-e-type=\"widget\" data-widget_type=\"text-editor.default\">\n\t\t\t\t<div class=\"elementor-widget-container\">\n\t\t\t\t\t\t\t\t\t<p>Convi\u00e9rtete en la fuente de inspiraci\u00f3n de tus hijos, ens\u00e9\u00f1ales a luchar por s\u00ed mismos. Lucha duro por ellos ahora, dales las herramientas\/habilidades para enfrentarse a este mundo de forma <b>positiva <\/b>, y nunca te arrepentir\u00e1s. Recuerda que no s\u00f3lo luchas por ellos; tambi\u00e9n lo haces por ti.<\/p><p><i>Silvia Gonz\u00e1lez \/ Directora<\/i><\/p>\t\t\t\t\t\t\t\t<\/div>\n\t\t\t\t<\/div>\n\t\t\t\t\t<\/div>\n\t\t<\/div>\n\t\t\t\t\t<\/div>\n\t\t<\/section>\n\t\t\t\t<section class=\"elementor-section elementor-top-section elementor-element elementor-element-47a00b9 elementor-section-boxed elementor-section-height-default elementor-section-height-default\" data-id=\"47a00b9\" data-element_type=\"section\" data-e-type=\"section\">\n\t\t\t\t\t\t<div class=\"elementor-container elementor-column-gap-default\">\n\t\t\t\t\t<div class=\"elementor-column elementor-col-100 elementor-top-column elementor-element elementor-element-2b5207c\" data-id=\"2b5207c\" data-element_type=\"column\" data-e-type=\"column\">\n\t\t\t<div class=\"elementor-widget-wrap elementor-element-populated\">\n\t\t\t\t\t\t<div class=\"elementor-element elementor-element-ba44557 elementor-widget elementor-widget-heading\" data-id=\"ba44557\" data-element_type=\"widget\" data-e-type=\"widget\" data-widget_type=\"heading.default\">\n\t\t\t\t<div class=\"elementor-widget-container\">\n\t\t\t\t\t<h2 class=\"elementor-heading-title elementor-size-default\">El porqu\u00e9 de esta organizaci\u00f3n<\/h2>\t\t\t\t<\/div>\n\t\t\t\t<\/div>\n\t\t\t\t<section class=\"elementor-section elementor-inner-section elementor-element elementor-element-c04c6c2 elementor-section-full_width elementor-section-height-default elementor-section-height-default\" data-id=\"c04c6c2\" data-element_type=\"section\" data-e-type=\"section\">\n\t\t\t\t\t\t<div class=\"elementor-container elementor-column-gap-default\">\n\t\t\t\t\t<div class=\"elementor-column elementor-col-50 elementor-inner-column elementor-element elementor-element-c6443d3\" data-id=\"c6443d3\" data-element_type=\"column\" data-e-type=\"column\">\n\t\t\t<div class=\"elementor-widget-wrap elementor-element-populated\">\n\t\t\t\t\t\t<div class=\"elementor-element elementor-element-b51b3a2 elementor-widget elementor-widget-text-editor\" data-id=\"b51b3a2\" data-element_type=\"widget\" data-e-type=\"widget\" data-widget_type=\"text-editor.default\">\n\t\t\t\t<div class=\"elementor-widget-container\">\n\t\t\t\t\t\t\t\t\t<p>Soy Silvia, madre de un ni\u00f1o diagnosticado de autismo grave. Los especialistas me informaron de que no hablar\u00eda y me dieron pocas perspectivas de progreso en su vida.<\/p>\n<p><br><\/p><p>Durante estos 12 a\u00f1os de su vida me dediqu\u00e9 a ayudar a mi hijo a superar sus debilidades, a encontrar sus habilidades y a reforzarlas.<\/p>\n<p><br><\/p>\n<p>He investigado mucho sobre el autismo, he probado distintos m\u00e9todos para ayudarle y he creado los m\u00edos propios a trav\u00e9s de la experiencia que he adquirido interactuando con \u00e9l, con otros ni\u00f1os como \u00e9l, con otros padres, con varios profesionales del \u00e1rea del TEA y con diversos grupos de autismo.<\/p>\n<p><br><\/p>\n<p>Durante el proceso de trabajo para ayudar a mi hijo en su desarrollo, ha recibido terapias ABA, IBI, ocupacional y del lenguaje. Sin embargo, la mayor\u00eda de las veces ha trabajado conmigo.<\/p>\n<p><br><\/p>\n<p>Me he centrado principalmente en los programas que he creado con la ayuda del personal que he contratado y con la participaci\u00f3n de ni\u00f1os que han donado su tiempo para jugar y hacer actividades con \u00e9l. He descubierto que trabajando de este modo y creando un programa espec\u00edfico para sus necesidades, hemos conseguido grandes progresos que \u00e9l disfruta enormemente.<\/p><p><br><\/p>\t\t\t\t\t\t\t\t<\/div>\n\t\t\t\t<\/div>\n\t\t\t\t\t<\/div>\n\t\t<\/div>\n\t\t\t\t<div class=\"elementor-column elementor-col-50 elementor-inner-column elementor-element elementor-element-7370735\" data-id=\"7370735\" data-element_type=\"column\" data-e-type=\"column\">\n\t\t\t<div class=\"elementor-widget-wrap elementor-element-populated\">\n\t\t\t\t\t\t<div class=\"elementor-element elementor-element-108e103 elementor-widget elementor-widget-image\" data-id=\"108e103\" data-element_type=\"widget\" data-e-type=\"widget\" data-widget_type=\"image.default\">\n\t\t\t\t<div class=\"elementor-widget-container\">\n\t\t\t\t\t\t\t\t\t\t\t\t\t\t\t<img decoding=\"async\" width=\"1024\" height=\"683\" src=\"https:\/\/positiveautism.org\/wp-content\/uploads\/2020\/07\/autism-when-to-see-the-doctor-1024x683.jpg\" class=\"attachment-large size-large wp-image-381\" alt=\"Autism. When to see the doctor\" srcset=\"https:\/\/positiveautism.org\/wp-content\/uploads\/2020\/07\/autism-when-to-see-the-doctor-1024x683.jpg 1024w, https:\/\/positiveautism.org\/wp-content\/uploads\/2020\/07\/autism-when-to-see-the-doctor-600x400.jpg 600w, https:\/\/positiveautism.org\/wp-content\/uploads\/2020\/07\/autism-when-to-see-the-doctor-300x200.jpg 300w, https:\/\/positiveautism.org\/wp-content\/uploads\/2020\/07\/autism-when-to-see-the-doctor-768x512.jpg 768w, https:\/\/positiveautism.org\/wp-content\/uploads\/2020\/07\/meeting-with-the-doctor-office-e1594912397405-1536x1025.jpg 1536w, https:\/\/positiveautism.org\/wp-content\/uploads\/2020\/07\/autism-when-to-see-the-doctor.jpg 1431w\" sizes=\"(max-width: 1024px) 100vw, 1024px\" \/>\t\t\t\t\t\t\t\t\t\t\t\t\t\t\t<\/div>\n\t\t\t\t<\/div>\n\t\t\t\t\t<\/div>\n\t\t<\/div>\n\t\t\t\t\t<\/div>\n\t\t<\/section>\n\t\t\t\t<div class=\"elementor-element elementor-element-624dd1f elementor-widget elementor-widget-text-editor\" data-id=\"624dd1f\" data-element_type=\"widget\" data-e-type=\"widget\" data-widget_type=\"text-editor.default\">\n\t\t\t\t<div class=\"elementor-widget-container\">\n\t\t\t\t\t\t\t\t\t<p>Una de las cosas m\u00e1s importantes que aprend\u00ed es que <strong>la primera persona que necesitaba ayuda era yo.<\/strong> Tom\u00e9 conciencia de que iba a ser un trabajo largo, con muchos altibajos, pero sobre todo, que iba a requerir mucha paciencia, autocontrol y <b>positivismo<\/b>. Me di cuenta de que puede que no cure a mi hijo, pero poco a poco y con perseverancia, se est\u00e1n consiguiendo muchos avances que le llevar\u00e1n a tener una buena calidad de vida, aunque no sea de la forma a la que estamos acostumbrados. Trabajar en mi paciencia, autocontrol y positivismo fue mi mejor decisi\u00f3n y se convirti\u00f3 en mi mejor arma.<\/p><p><br><\/p>\n<p>Puedes trabajar con tu hijo sin el estr\u00e9s de actuar como terapeuta o profesor. En este canal te presentaremos muchas ideas, recomendaciones y actividades que puedes hacer con tu hijo para desarrollar su potencial y superar sus debilidades.<\/p><p><br><\/p>\n<p>\u00a1No te rindas nunca! Recuerda que si quieres incluir m\u00e1s oportunidades de aprendizaje, o si pagar la terapia no es una opci\u00f3n para ti, puedes colaborar con ellos. As\u00ed que, tanto si lo haces t\u00fa, como si simplemente consigues que alguien lo haga con ellos; las actividades que te mostraremos aqu\u00ed, y las actividades que puedes dise\u00f1ar seg\u00fan tu hijo, ser\u00e1n muy \u00fatiles para su desarrollo. Estas actividades se crear\u00e1n como lecciones divertidas y se manejar\u00e1n de un modo muy distinto al de la terapia, por lo que tu hijo participar\u00e1 plenamente y se divertir\u00e1 mientras desarrolla habilidades para mejorar su calidad de vida.<\/p><p><br><\/p>\n<p>Demos a nuestros hijos las herramientas para que, cuando no estemos, puedan enfrentarse solos a la vida. Algunos llegar\u00e1n muy lejos, otros menos, seg\u00fan su gravedad, pero todos conseguir\u00e1n cosas maravillosas que les ayudar\u00e1n a tener una mejor calidad de vida y a ser felices. No hay nada que te haga sentir m\u00e1s satisfacci\u00f3n y orgullo que ver a tu hijo progresar y ser feliz.<\/p><p><br><\/p>\n<p>Ese es el objetivo de esta organizaci\u00f3n. Juntos podemos ayudarnos mutuamente a apoyar y permitir que nuestros hijos encuentren su propia felicidad y desarrollen las habilidades necesarias.<\/p>\t\t\t\t\t\t\t\t<\/div>\n\t\t\t\t<\/div>\n\t\t\t\t\t<\/div>\n\t\t<\/div>\n\t\t\t\t\t<\/div>\n\t\t<\/section>\n\t\t\t\t<\/div>\n\t\t","protected":false},"excerpt":{"rendered":"<p>Qui\u00e9nes somos Somos una Organizaci\u00f3n que cree firmemente que cada persona autista -sea cual sea su gravedad- tiene un alto potencial de desarrollo. Nuestro objetivo es dar a los padres, cuidadores y educadores herramientas positivas para que puedan ayudar a los ni\u00f1os autistas a superar sus debilidades, encontrar y desarrollar sus capacidades espec\u00edficas que les [&hellip;]<\/p>\n","protected":false},"author":30,"featured_media":0,"parent":0,"menu_order":10,"comment_status":"closed","ping_status":"closed","template":"elementor_header_footer","meta":{"_acf_changed":false,"_monsterinsights_skip_tracking":false,"_monsterinsights_sitenote_active":false,"_monsterinsights_sitenote_note":"","_monsterinsights_sitenote_category":0,"footnotes":""},"class_list":["post-8602","page","type-page","status-publish","hentry"],"acf":[],"aioseo_notices":[],"_hostinger_reach_plugin_has_subscription_block":false,"_hostinger_reach_plugin_is_elementor":false,"jetpack_sharing_enabled":true,"_links":{"self":[{"href":"https:\/\/positiveautism.org\/es\/wp-json\/wp\/v2\/pages\/8602","targetHints":{"allow":["GET"]}}],"collection":[{"href":"https:\/\/positiveautism.org\/es\/wp-json\/wp\/v2\/pages"}],"about":[{"href":"https:\/\/positiveautism.org\/es\/wp-json\/wp\/v2\/types\/page"}],"author":[{"embeddable":true,"href":"https:\/\/positiveautism.org\/es\/wp-json\/wp\/v2\/users\/30"}],"replies":[{"embeddable":true,"href":"https:\/\/positiveautism.org\/es\/wp-json\/wp\/v2\/comments?post=8602"}],"version-history":[{"count":14,"href":"https:\/\/positiveautism.org\/es\/wp-json\/wp\/v2\/pages\/8602\/revisions"}],"predecessor-version":[{"id":10252,"href":"https:\/\/positiveautism.org\/es\/wp-json\/wp\/v2\/pages\/8602\/revisions\/10252"}],"wp:attachment":[{"href":"https:\/\/positiveautism.org\/es\/wp-json\/wp\/v2\/media?parent=8602"}],"curies":[{"name":"wp","href":"https:\/\/api.w.org\/{rel}","templated":true}]}}